{"id":481,"date":"2016-10-27T12:10:05","date_gmt":"2016-10-27T09:10:05","guid":{"rendered":"http:\/\/suicidology.ee\/?page_id=481&#038;lang=en"},"modified":"2016-10-27T12:10:05","modified_gmt":"2016-10-27T09:10:05","slug":"chapters-in-books","status":"publish","type":"page","link":"https:\/\/suicidology.ee\/en\/chapters-in-books\/","title":{"rendered":"Chapters in books"},"content":{"rendered":"<h1><strong>Chapters in English<\/strong><\/h1>\n<p>V\u00e4rnik P,\u00a0 Wasserman D.\u00a0 Global Suicide. In: Kaschka WP, Rujescu D, editors. Biological Aspects of Suicidal Behavior. Advances in Biological Psychiatry. Basel: Karger; <strong>2016<\/strong>. vol 30, p. 1-10<\/p>\n<p>Wasserman D, V\u00e4rnik A. <em>Perestroika<\/em> in the former USSR: history&#8217;s most effective suicide-preventive programme for men. In: Wasserman D, editor. Suicide &#8211; An unnecessary death. Second Edition. New York: Oxford University Press; <strong>2016<\/strong>. p. 347-352<\/p>\n<p>V\u00e4rnik, A. Suicide in the Former Soviet Union (USSR). In: Shrivastava A, Kimbrell M et al, editors. Suicide from a Global Perspective: Psychosocial Approaches. New York: Nova Science Publishers, Inc; <b>2012<\/b>. p. 159-164<\/p>\n<p>V\u00e4rnik A, Wasserman D. Examples of how to develop suicide prevention on the five continents: Europe, Estonia. Wasserman D, Wasserman C, editors. Oxford Textbook of Suicidology and Suicide Prevention. London: Oxford University Press; <strong>2009<\/strong>. p. 791-792<\/p>\n<p>Dietrich S, Wittenburg L, Arensman E, V\u00e4rnik A, Hegerl U. Suicide and self-harm. In: Gask L, Lester H, Kendrick T, Peveler R, editors. Handbook of Primary Care Mental Health. London: RCPsych Publications; <b>2009<\/b>. p. 125-44<\/p>\n<p>V\u00e4rnik A, Mokhovikov A. Suicide during transition in the former Soviet Republics. In: Wasserman D, Wasserman C, editors. Oxford Textbook of Suicidology and Suicide Prevention. New York: Oxford University Press; <b>2009<\/b>. p. 191-200<\/p>\n<p>V\u00e4rnik A, Wasserman D. Suicide Prevention in Estonia. In: Wasserman D, Wasserman C, editors. Oxford Textbook of Suicidology and Suicide Prevention. New York: Oxford University Press; <b>2009<\/b>. p. 791-2<\/p>\n<p>Schmidtke A, Weinacker B, L\u00f6hr C, Bille-Brahe U, DeLeo D, Kerkhof A, Apter A, Batt A, Crepet P, Fekete S, Grad O, Haring C, Hawton K, van Heeringen C, Hjelmeland H, Kelleher M, L\u00f6nnquist J, Michel K, Pommerau X, Querejeta I, Philippe A, Salander Renberg E, Sayil I, Temesvary B, V\u00e4rnik A, Wasserman D and Rutz W. Suicide and Suicide Attempts in Europe. In: Schmidtke A, Bille-Brahe U, De Leo D, Kerkhof A, editors. Suicidal Behaviour in Europe. Results from the WHO\/Euro Multicentre Study on Suicidal Behaviour. Ashland: Hogrefe &amp; Huber; <b>2004<\/b>. p. 15-28<\/p>\n<p>Schmidtke A, Bille-Brahe U, DeLeo D, Kerkhof A, L\u00f6hr C, Weinacker B, Batt A, Crepet P, Fekete S, Grad O, Haring C, Hawton K, van Heeringen C, Hjelmeland H, L\u00f6nnquist J, Michel K, Pommerau X, Querejeta I, Salander Renberg E, Temesvary B, V\u00e4rnik A, Wasserman D and Rutz W. Sociodemographic Characteristics of Suicide Attempters in Europe. Schmidtke A, Bille-Brahe U, De Leo D, Kerkhof A, editors. Suicidal Behaviour in Europe. Results from the WHO\/Euro Multicentre Study on Suicidal Behaviour. Ashland: Hogrefe &amp; Huber; <b>2004<\/b>. p. 29-43<\/p>\n<p>V\u00e4rnik A, Marandi T, K\u00fcpersep O, Palo E. Suicidal Behaviour in Estonia. In: Schmidtke A, Bille-Brahe U, De Leo D, Kerkhof A, editors. Suicidal Behaviour in Europe. Results from the WHO\/Euro Multicentre Study on Suicidal Behaviour. Ashland: Hogrefe &amp; Huber; <b>2004<\/b>. p. 195-200<\/p>\n<p>V\u00e4rnik A, V\u00e4li M, K\u00f5lves K. The pattern of alcohol use among suicidents. In: Garmus A, V\u00e4li M, editors. Medicina Legalis Baltica. Proceedings of the 4th Congress of BMLA. Tartu: Medicina Legalis Baltica;\u00a0<b>2002<\/b>. p. 15-20<\/p>\n<p>Tooding LM, V\u00e4rnik A. Social and age-related risks of suicide and self-help. In: Vetik R, editor. Human Development Report 2002. Tallinn: Iloprint; <b>2002<\/b>. p.113<\/p>\n<p>V\u00e4rnik A, K\u00f5lves K, Tooding L-M, Palo E. Suicide in Estonia 1979-2000. In: Vetik R, editor. Human Development Report 2001. Tallinn: Iloprint; <b>2001<\/b>. p. 42-5<\/p>\n<p>Wasserman D, V\u00e4rnik A. Perestroika in the former USSR: history\u2019s most effective suicide preventive programme for men. In: Wasserman D, editor. Suicide &#8211; an unnecessary death. London: Martin Dunitz; <b>2001<\/b>. p. 253-8<\/p>\n<p>Wasserman D, Dankowicz M, V\u00e4rnik A, Olsson L. Suicide trends in Europe, 1984-1990. In: Botsis AJ, Soldatos CR, Stefanis CN, editors. Suicide: Biopsychosocial Approaches. Amsterdam: Elsevier; <b>1997<\/b>. p. 3-10<\/p>\n<p>V\u00e4rnik A. Suicide Research and Prevention in Estonia. In: Ramsay RF, Tanney BL, editors. Global Trends in Suicide Prevention. Mumbai: Tata Institute of Social Sciences; <b>1996<\/b>. p. 177-89<\/p>\n<h1><strong>Chapters in Estonian and other languages<\/strong><\/h1>\n<p>Pertel T, Abel-Ollo K, Aasvee K, Eha M, Eigo N, Varava L, Vaask S, Sisask M, Sossulina N. Lapse tervis. In: Kutsar D (Toim.). Laste heaolu &#8211; Child well-being. Eesti statistika &#8211; Statistics Estonia. Tallinn: Statistikaamet; <strong>2013<\/strong>. p. 42-67<\/p>\n<p>V\u00e4rnik A. Suitsiid on rahva vaimuj\u00f5u peegel. [Suicide as a mirror of society\u2019s mental health.] In: Raska E, Raitviir T, editors. Eesti edu hind. Eesti sotsiaalne julgeolek ja rahva turvalisus. Tallinn: Eesti Ents\u00fcklopeediakirjastus; <b>2005<\/b>. p. 130-6<\/p>\n<p>V\u00e4rnik A, K\u00f5lves K, Tooding L, Palo E. Eestlaste ja mitte-eestlaste enesetapud. In: V\u00e4rnik A (Toim.). Suitsiidiuuringud &#8211; Suicide studies. ERSI 10. aastap\u00e4eva kogumik. ERSI 10th anniversary collected papers. Tallinn: Iloprint; <strong>2003<\/strong>. p. 32-39<\/p>\n<p>V\u00e4rnik A, Tooding L. Suitsiidi sotsiaalsed ja ealised riskid ning (enese)abi v\u00f5imalused. In: V\u00e4rnik A (Toim.). Suitsiidiuuringud &#8211; Suicide studies. ERSI 10. aastap\u00e4eva kogumik. ERSI 10th anniversary collected papers. Tallinn: Iloprint; <strong>2003<\/strong>. p. 49-52<\/p>\n<p>K\u00f5lves K, V\u00e4rnik A, Tooding L. Suitsiidijuhtumi anal\u00fc\u00fcs: riskitegurid ja riskir\u00fchmad. In: V\u00e4rnik A (Toim.). Suitsiidiuuringud &#8211; Suicide studies. ERSI 10. aastap\u00e4eva kogumik. ERSI 10th anniversary collected papers. Tallinn: Iloprint; <strong>2003<\/strong>. p. 53-57<\/p>\n<p>V\u00e4li M, V\u00e4rnik A, Talum\u00e4e M. Suitsidentide veres on alkoholi. In: V\u00e4rnik A (Toim.). Suitsiidiuuringud &#8211; Suicide studies. ERSI 10. aastap\u00e4eva kogumik. ERSI 10th anniversary collected papers. Iloprint; <strong>2003<\/strong>. p. 62-64<\/p>\n<p>V\u00e4rnik A. Perestroika-aegse range alkoholipoliitika tulemused. [Outcomes of the strict alcohol policy during perestroika.] In: Viro A-M, Volver A, editors. Teadusvaade alkoholile. Tartu: Tartu \u00dclikooli Kirjastus; <b>2002<\/b>. p. 108-15<\/p>\n<p>Tooding LM, V\u00e4rnik A. Suitsiidi sotsiaalsed ja ealised riskid ning (enese)abi v\u00f5imalused. [Social and age-related risks of suicide and self-help.] In: Vetik R, editor. Eesti inimarengu aruanne 2002. Tallinn: Iloprint; <b>2002<\/b>. p. 40-3<\/p>\n<p>Wasserman D, Dankowicz M, V\u00e4rnik A. Epidemiologia del suicidio in Europa. [Epidemiology of suicide in Europe.] In: De Risio S, Sarchiapone M, editors. Il Suicidio. Milano: Biblioteca Masson; <b>2001<\/b>. p. 1-20 [In Italian]<\/p>\n<p>K\u00f5lves K, V\u00e4rnik A, Tooding LM. Life events in suicide: Psychological Autopsy Study At 10 Year Interval. In: Grad O, editor. Suicide risk and Protective Factors in the New Millennium. Ljubljana: Conkarjev dom; <b>2001<\/b>. p. 193-9<\/p>\n<p>V\u00e4rnik A, K\u00f5lves K, Tooding LM, Palo E. Suitsiidid Eestis 1970-2000. [Suicides in Estonia 1970-2000.] In: Vetik R, editor. Eesti inimarengu aruanne 2001. Tallinn: Iloprint; <b>2001<\/b>. p. 42-5<\/p>\n<p>V\u00e4rnik A. Male suicide in the former USSR. In: Takahashi Y, editor. <b>1992<\/b> [In Japanese]<\/p>\n","protected":false},"excerpt":{"rendered":"<p>Chapters in English V\u00e4rnik P,\u00a0 Wasserman D.\u00a0 Global Suicide. In: Kaschka WP, Rujescu D, editors. Biological Aspects of Suicidal Behavior. Advances in Biological Psychiatry. Basel: Karger; 2016. vol 30, p. 1-10 Wasserman D, V\u00e4rnik A. Perestroika in the former USSR: history&#8217;s most effective suicide-preventive programme for men. In: Wasserman D, editor. Suicide &#8211; An unnecessary [&hellip;]<\/p>\n","protected":false},"author":1,"featured_media":0,"parent":0,"menu_order":0,"comment_status":"closed","ping_status":"closed","template":"","meta":{"footnotes":""},"class_list":["post-481","page","type-page","status-publish","hentry"],"yoast_head":"<!-- This site is optimized with the Yoast SEO plugin v27.3 - https:\/\/yoast.com\/product\/yoast-seo-wordpress\/ -->\n<title>Chapters in books - Eesti-Rootsi Vaimse Tervise ja Suitsidoloogia Instituut<\/title>\n<meta name=\"robots\" content=\"index, follow, max-snippet:-1, max-image-preview:large, max-video-preview:-1\" \/>\n<link rel=\"canonical\" href=\"https:\/\/suicidology.ee\/en\/chapters-in-books\/\" \/>\n<meta property=\"og:locale\" content=\"en_US\" \/>\n<meta property=\"og:type\" content=\"article\" \/>\n<meta property=\"og:title\" content=\"Chapters in books - Eesti-Rootsi Vaimse Tervise ja Suitsidoloogia Instituut\" \/>\n<meta property=\"og:description\" content=\"Chapters in English V\u00e4rnik P,\u00a0 Wasserman D.\u00a0 Global Suicide. In: Kaschka WP, Rujescu D, editors. Biological Aspects of Suicidal Behavior. Advances in Biological Psychiatry. Basel: Karger; 2016. vol 30, p. 1-10 Wasserman D, V\u00e4rnik A. Perestroika in the former USSR: history&#8217;s most effective suicide-preventive programme for men. In: Wasserman D, editor. Suicide &#8211; An unnecessary [&hellip;]\" \/>\n<meta property=\"og:url\" content=\"https:\/\/suicidology.ee\/en\/chapters-in-books\/\" \/>\n<meta property=\"og:site_name\" content=\"Eesti-Rootsi Vaimse Tervise ja Suitsidoloogia Instituut\" \/>\n<meta name=\"twitter:card\" content=\"summary_large_image\" \/>\n<meta name=\"twitter:label1\" content=\"Est. reading time\" \/>\n\t<meta name=\"twitter:data1\" content=\"5 minutes\" \/>\n<script type=\"application\/ld+json\" class=\"yoast-schema-graph\">{\"@context\":\"https:\\\/\\\/schema.org\",\"@graph\":[{\"@type\":\"WebPage\",\"@id\":\"https:\\\/\\\/suicidology.ee\\\/en\\\/chapters-in-books\\\/\",\"url\":\"https:\\\/\\\/suicidology.ee\\\/en\\\/chapters-in-books\\\/\",\"name\":\"Chapters in books - Eesti-Rootsi Vaimse Tervise ja Suitsidoloogia Instituut\",\"isPartOf\":{\"@id\":\"https:\\\/\\\/suicidology.ee\\\/#website\"},\"datePublished\":\"2016-10-27T09:10:05+00:00\",\"breadcrumb\":{\"@id\":\"https:\\\/\\\/suicidology.ee\\\/en\\\/chapters-in-books\\\/#breadcrumb\"},\"inLanguage\":\"en-US\",\"potentialAction\":[{\"@type\":\"ReadAction\",\"target\":[\"https:\\\/\\\/suicidology.ee\\\/en\\\/chapters-in-books\\\/\"]}]},{\"@type\":\"BreadcrumbList\",\"@id\":\"https:\\\/\\\/suicidology.ee\\\/en\\\/chapters-in-books\\\/#breadcrumb\",\"itemListElement\":[{\"@type\":\"ListItem\",\"position\":1,\"name\":\"Home\",\"item\":\"https:\\\/\\\/suicidology.ee\\\/en\\\/\"},{\"@type\":\"ListItem\",\"position\":2,\"name\":\"Chapters in books\"}]},{\"@type\":\"WebSite\",\"@id\":\"https:\\\/\\\/suicidology.ee\\\/#website\",\"url\":\"https:\\\/\\\/suicidology.ee\\\/\",\"name\":\"Eesti-Rootsi Vaimse Tervise ja Suitsidoloogia Instituut\",\"description\":\"ERSI\",\"potentialAction\":[{\"@type\":\"SearchAction\",\"target\":{\"@type\":\"EntryPoint\",\"urlTemplate\":\"https:\\\/\\\/suicidology.ee\\\/?s={search_term_string}\"},\"query-input\":{\"@type\":\"PropertyValueSpecification\",\"valueRequired\":true,\"valueName\":\"search_term_string\"}}],\"inLanguage\":\"en-US\"}]}<\/script>\n<!-- \/ Yoast SEO plugin. -->","yoast_head_json":{"title":"Chapters in books - Eesti-Rootsi Vaimse Tervise ja Suitsidoloogia Instituut","robots":{"index":"index","follow":"follow","max-snippet":"max-snippet:-1","max-image-preview":"max-image-preview:large","max-video-preview":"max-video-preview:-1"},"canonical":"https:\/\/suicidology.ee\/en\/chapters-in-books\/","og_locale":"en_US","og_type":"article","og_title":"Chapters in books - Eesti-Rootsi Vaimse Tervise ja Suitsidoloogia Instituut","og_description":"Chapters in English V\u00e4rnik P,\u00a0 Wasserman D.\u00a0 Global Suicide. In: Kaschka WP, Rujescu D, editors. Biological Aspects of Suicidal Behavior. Advances in Biological Psychiatry. Basel: Karger; 2016. vol 30, p. 1-10 Wasserman D, V\u00e4rnik A. Perestroika in the former USSR: history&#8217;s most effective suicide-preventive programme for men. In: Wasserman D, editor. Suicide &#8211; An unnecessary [&hellip;]","og_url":"https:\/\/suicidology.ee\/en\/chapters-in-books\/","og_site_name":"Eesti-Rootsi Vaimse Tervise ja Suitsidoloogia Instituut","twitter_card":"summary_large_image","twitter_misc":{"Est. reading time":"5 minutes"},"schema":{"@context":"https:\/\/schema.org","@graph":[{"@type":"WebPage","@id":"https:\/\/suicidology.ee\/en\/chapters-in-books\/","url":"https:\/\/suicidology.ee\/en\/chapters-in-books\/","name":"Chapters in books - Eesti-Rootsi Vaimse Tervise ja Suitsidoloogia Instituut","isPartOf":{"@id":"https:\/\/suicidology.ee\/#website"},"datePublished":"2016-10-27T09:10:05+00:00","breadcrumb":{"@id":"https:\/\/suicidology.ee\/en\/chapters-in-books\/#breadcrumb"},"inLanguage":"en-US","potentialAction":[{"@type":"ReadAction","target":["https:\/\/suicidology.ee\/en\/chapters-in-books\/"]}]},{"@type":"BreadcrumbList","@id":"https:\/\/suicidology.ee\/en\/chapters-in-books\/#breadcrumb","itemListElement":[{"@type":"ListItem","position":1,"name":"Home","item":"https:\/\/suicidology.ee\/en\/"},{"@type":"ListItem","position":2,"name":"Chapters in books"}]},{"@type":"WebSite","@id":"https:\/\/suicidology.ee\/#website","url":"https:\/\/suicidology.ee\/","name":"Eesti-Rootsi Vaimse Tervise ja Suitsidoloogia Instituut","description":"ERSI","potentialAction":[{"@type":"SearchAction","target":{"@type":"EntryPoint","urlTemplate":"https:\/\/suicidology.ee\/?s={search_term_string}"},"query-input":{"@type":"PropertyValueSpecification","valueRequired":true,"valueName":"search_term_string"}}],"inLanguage":"en-US"}]}},"_links":{"self":[{"href":"https:\/\/suicidology.ee\/en\/wp-json\/wp\/v2\/pages\/481","targetHints":{"allow":["GET"]}}],"collection":[{"href":"https:\/\/suicidology.ee\/en\/wp-json\/wp\/v2\/pages"}],"about":[{"href":"https:\/\/suicidology.ee\/en\/wp-json\/wp\/v2\/types\/page"}],"author":[{"embeddable":true,"href":"https:\/\/suicidology.ee\/en\/wp-json\/wp\/v2\/users\/1"}],"replies":[{"embeddable":true,"href":"https:\/\/suicidology.ee\/en\/wp-json\/wp\/v2\/comments?post=481"}],"version-history":[{"count":1,"href":"https:\/\/suicidology.ee\/en\/wp-json\/wp\/v2\/pages\/481\/revisions"}],"predecessor-version":[{"id":482,"href":"https:\/\/suicidology.ee\/en\/wp-json\/wp\/v2\/pages\/481\/revisions\/482"}],"wp:attachment":[{"href":"https:\/\/suicidology.ee\/en\/wp-json\/wp\/v2\/media?parent=481"}],"curies":[{"name":"wp","href":"https:\/\/api.w.org\/{rel}","templated":true}]}}