{"id":483,"date":"2016-10-27T12:11:02","date_gmt":"2016-10-27T09:11:02","guid":{"rendered":"http:\/\/suicidology.ee\/?page_id=483&#038;lang=en"},"modified":"2016-10-27T12:11:02","modified_gmt":"2016-10-27T09:11:02","slug":"books-and-resources","status":"publish","type":"page","link":"https:\/\/suicidology.ee\/en\/books-and-resources\/","title":{"rendered":"Books and resources"},"content":{"rendered":"<p>V\u00e4rnik A, Sisask M, V\u00e4rnik P, editors. Essential papers on suicidology 2008-2014. Tallinn: Estonian-Swedish Mental Health and Suicidology Institute (ERSI); <strong>2014<\/strong><\/p>\n<p>Pray L, Cohen C, M\u00e4kinen I.H, V\u00e4rnik A, Mackellar F.L, editors. <a href=\"http:\/\/suicidology.ee\/wp-content\/uploads\/2016\/10\/Suicides-in-Eastern-Europe-RR-13-001-web.pdf\" target=\"_blank\">Suicide in Eastern Europe, the CIS, and the Baltic Countries: Social and Public Health Determinants<\/a>. Laxenburg, Austria: International Institute for Applied Systems Analysis (IIASA); <strong>2013<\/strong><\/p>\n<p>Lumiste K. SEYLE \u00f5pilaste ja \u00f5petajate baasuuringu tulemused: vaimne tervis ja riskik\u00e4itumine. V\u00e4rnik A, Sisask M, V\u00e4rnik P, editors. Tallinn: ERSI; <b>2011<\/b><\/p>\n<p>Laido Z, Mark L. Vaimne tervis kui vaimne heaolu: infomaterjal noortele. [Mental health as mental well-being: information material for youth.] V\u00e4rnik A. (editor). Tallinn: ERSI; <b>2011<\/b><\/p>\n<p>V\u00e4rnik A, Sisask M, V\u00e4rnik P, editors. Baltic Suicide Paradox. Tallinn: Tallinn University Press; <b>2010<\/b><\/p>\n<p>Laido Z, V\u00e4rnik A, Sisask M.\u00a0Alkoholiprobleemidega patsientide suitsiidiriski hindamine: metoodiline juhendmaterjal esmatasandi tervishoiut\u00f6\u00f6tajatele. [Suicide risk assessment in patients with alcohol problems: methodological resources for primary health care specialists.] Tallinn: Tervise Arengu Instituut; <b>2010<\/b><\/p>\n<p>V\u00e4rnik A, Sisask M, K\u00f5lves K, editors. Essential papers on suicidology 1993-2008. To celebrate the 15th anniversary of ERSI. Tallinn: Estonian-Swedish Mental Health and Suicidology Institute (ERSI); <b>2008<\/b><\/p>\n<p>Tihaste M. Suitsidaalse k\u00e4itumise ennetamine ja vaimse tervise edendamine militaarses s\u00fcsteemis. [Prevention of suicidal behaviours and mental health promotion in military system.] Tallinn: ERSI; <b>2005<\/b><\/p>\n<p>Anion L. Politseinike ja nende klientide vaimsest tervisest. [Mental health in police officers and their clients.] Tallinn: ERSI; <b>2005<\/b><\/p>\n<p>Saveljev K. Abiks sotsiaalt\u00f6\u00f6tajatele depressiooni ja suitsiidiriski hindamisel. [Assessment of depression and suicide risk in social work.] Tallinn: ERSI; <b>2005<\/b><\/p>\n<p>Sisask M. Enesetappude ennetamine: Infomaterjal pereliikmetele ja s\u00f5pradele. Kuidas toime tulla raskuste ja kriisidega? [Preventing suicide: Information material for family members and friends. How to cope with crises?] Tallinn: ERSI; <b>2004<\/b> (kordustr\u00fckk <b>2006<\/b>)<\/p>\n<p>Sisask M. <a href=\"http:\/\/suicidology.ee\/wp-content\/uploads\/2016\/10\/Suitsiidipreventsioon_koolipersonalile_ERSI_2008.pdf\" target=\"_blank\">Enesetappude ennetamine: Abiks \u00f5petajatele ja muule koolipersonalile. [Preventing suicide: a resource for teachers and other school personnel.]<\/a> Tallinn: ERSI;<strong>2004 <\/strong>(kordustr\u00fckk <strong>2008<\/strong>)<\/p>\n<p>K\u00f5lves K, Sisask M ja V\u00e4rnik A. I osa: Suitsidaalsus \u00fchiskonnas ja suitsiidikatsete sooritanute uuring [Suicidality in community]; Marandi T ja V\u00e4rnik A. II osa: Suitsiidikatse sooritanu k\u00e4sitlus haigla erakorralise meditsiini osakonnas [Managing of suicide attempters in emergency department]. Tallinn: ERSI; <b>2004<\/b><\/p>\n<p>V\u00e4rnik A, editor. Suitsiidiuuringud \u2013 Suicide Studies. ERSI 10. aastap\u00e4eva kogumik. ERSI 10th anniversary collected papers. Tallinn: Iloprint; <b>2003<\/b><\/p>\n<p>V\u00e4rnik A, K\u00f5lves K. Eestlaste ja mitte-eestlaste enesetapud \u2013 Estonians\u2019 and non-Estonians\u2019 Suicides. Tallinn-Tartu: Lennujaama Kirjastus; <b>2001<\/b><\/p>\n<p>Marandi T, V\u00e4rnik A. Suitsiidikatse sooritanu k\u00e4sitlus \u00fcldhaigla vastuv\u00f5tu osakonnas. [Managing of suicide attempters in emergency department.] Tartu: Tartu \u00dclikooli kirjastus;<b>2000<\/b><\/p>\n<p>Marandi T. Depressiooni farmakoteraapia. [Pharmacotherapy of depression] Tallinn: JMR;<b>1999<\/b><\/p>\n<p>V\u00e4rnik A. Suitsiidid Eestis 1965-1995. [Suicide in Estonia 1965-1995.] Tallinn: JMR; <b>1997<\/b><\/p>\n<p>V\u00e4rnik A. Suicide and psychiatric morbidity in Estonia. World Bank; <b>1995<\/b><\/p>\n<p>Noor H, Loogna B, V\u00e4rnik A. Suitsidaalse k\u00e4itumise diagnostikast enesem\u00fcrgistuste korral. Metoodilised soovitused. [Diagnostics of suicidal behaviour in acute intoxications. Methodological recommendations.] Tallinn: Tervishoiu Ministeerium; <b>1985<\/b><\/p>\n","protected":false},"excerpt":{"rendered":"<p>V\u00e4rnik A, Sisask M, V\u00e4rnik P, editors. Essential papers on suicidology 2008-2014. Tallinn: Estonian-Swedish Mental Health and Suicidology Institute (ERSI); 2014 Pray L, Cohen C, M\u00e4kinen I.H, V\u00e4rnik A, Mackellar F.L, editors. Suicide in Eastern Europe, the CIS, and the Baltic Countries: Social and Public Health Determinants. Laxenburg, Austria: International Institute for Applied Systems Analysis [&hellip;]<\/p>\n","protected":false},"author":1,"featured_media":0,"parent":0,"menu_order":0,"comment_status":"closed","ping_status":"closed","template":"","meta":{"footnotes":""},"class_list":["post-483","page","type-page","status-publish","hentry"],"yoast_head":"<!-- This site is optimized with the Yoast SEO plugin v27.3 - https:\/\/yoast.com\/product\/yoast-seo-wordpress\/ -->\n<title>Books and resources - Eesti-Rootsi Vaimse Tervise ja Suitsidoloogia Instituut<\/title>\n<meta name=\"robots\" content=\"index, follow, max-snippet:-1, max-image-preview:large, max-video-preview:-1\" \/>\n<link rel=\"canonical\" href=\"https:\/\/suicidology.ee\/en\/books-and-resources\/\" \/>\n<meta property=\"og:locale\" content=\"en_US\" \/>\n<meta property=\"og:type\" content=\"article\" \/>\n<meta property=\"og:title\" content=\"Books and resources - Eesti-Rootsi Vaimse Tervise ja Suitsidoloogia Instituut\" \/>\n<meta property=\"og:description\" content=\"V\u00e4rnik A, Sisask M, V\u00e4rnik P, editors. Essential papers on suicidology 2008-2014. Tallinn: Estonian-Swedish Mental Health and Suicidology Institute (ERSI); 2014 Pray L, Cohen C, M\u00e4kinen I.H, V\u00e4rnik A, Mackellar F.L, editors. Suicide in Eastern Europe, the CIS, and the Baltic Countries: Social and Public Health Determinants. Laxenburg, Austria: International Institute for Applied Systems Analysis [&hellip;]\" \/>\n<meta property=\"og:url\" content=\"https:\/\/suicidology.ee\/en\/books-and-resources\/\" \/>\n<meta property=\"og:site_name\" content=\"Eesti-Rootsi Vaimse Tervise ja Suitsidoloogia Instituut\" \/>\n<meta name=\"twitter:card\" content=\"summary_large_image\" \/>\n<meta name=\"twitter:label1\" content=\"Est. reading time\" \/>\n\t<meta name=\"twitter:data1\" content=\"2 minutes\" \/>\n<script type=\"application\/ld+json\" class=\"yoast-schema-graph\">{\"@context\":\"https:\\\/\\\/schema.org\",\"@graph\":[{\"@type\":\"WebPage\",\"@id\":\"https:\\\/\\\/suicidology.ee\\\/en\\\/books-and-resources\\\/\",\"url\":\"https:\\\/\\\/suicidology.ee\\\/en\\\/books-and-resources\\\/\",\"name\":\"Books and resources - Eesti-Rootsi Vaimse Tervise ja Suitsidoloogia Instituut\",\"isPartOf\":{\"@id\":\"https:\\\/\\\/suicidology.ee\\\/#website\"},\"datePublished\":\"2016-10-27T09:11:02+00:00\",\"breadcrumb\":{\"@id\":\"https:\\\/\\\/suicidology.ee\\\/en\\\/books-and-resources\\\/#breadcrumb\"},\"inLanguage\":\"en-US\",\"potentialAction\":[{\"@type\":\"ReadAction\",\"target\":[\"https:\\\/\\\/suicidology.ee\\\/en\\\/books-and-resources\\\/\"]}]},{\"@type\":\"BreadcrumbList\",\"@id\":\"https:\\\/\\\/suicidology.ee\\\/en\\\/books-and-resources\\\/#breadcrumb\",\"itemListElement\":[{\"@type\":\"ListItem\",\"position\":1,\"name\":\"Home\",\"item\":\"https:\\\/\\\/suicidology.ee\\\/en\\\/\"},{\"@type\":\"ListItem\",\"position\":2,\"name\":\"Books and resources\"}]},{\"@type\":\"WebSite\",\"@id\":\"https:\\\/\\\/suicidology.ee\\\/#website\",\"url\":\"https:\\\/\\\/suicidology.ee\\\/\",\"name\":\"Eesti-Rootsi Vaimse Tervise ja Suitsidoloogia Instituut\",\"description\":\"ERSI\",\"potentialAction\":[{\"@type\":\"SearchAction\",\"target\":{\"@type\":\"EntryPoint\",\"urlTemplate\":\"https:\\\/\\\/suicidology.ee\\\/?s={search_term_string}\"},\"query-input\":{\"@type\":\"PropertyValueSpecification\",\"valueRequired\":true,\"valueName\":\"search_term_string\"}}],\"inLanguage\":\"en-US\"}]}<\/script>\n<!-- \/ Yoast SEO plugin. -->","yoast_head_json":{"title":"Books and resources - Eesti-Rootsi Vaimse Tervise ja Suitsidoloogia Instituut","robots":{"index":"index","follow":"follow","max-snippet":"max-snippet:-1","max-image-preview":"max-image-preview:large","max-video-preview":"max-video-preview:-1"},"canonical":"https:\/\/suicidology.ee\/en\/books-and-resources\/","og_locale":"en_US","og_type":"article","og_title":"Books and resources - Eesti-Rootsi Vaimse Tervise ja Suitsidoloogia Instituut","og_description":"V\u00e4rnik A, Sisask M, V\u00e4rnik P, editors. Essential papers on suicidology 2008-2014. Tallinn: Estonian-Swedish Mental Health and Suicidology Institute (ERSI); 2014 Pray L, Cohen C, M\u00e4kinen I.H, V\u00e4rnik A, Mackellar F.L, editors. Suicide in Eastern Europe, the CIS, and the Baltic Countries: Social and Public Health Determinants. Laxenburg, Austria: International Institute for Applied Systems Analysis [&hellip;]","og_url":"https:\/\/suicidology.ee\/en\/books-and-resources\/","og_site_name":"Eesti-Rootsi Vaimse Tervise ja Suitsidoloogia Instituut","twitter_card":"summary_large_image","twitter_misc":{"Est. reading time":"2 minutes"},"schema":{"@context":"https:\/\/schema.org","@graph":[{"@type":"WebPage","@id":"https:\/\/suicidology.ee\/en\/books-and-resources\/","url":"https:\/\/suicidology.ee\/en\/books-and-resources\/","name":"Books and resources - Eesti-Rootsi Vaimse Tervise ja Suitsidoloogia Instituut","isPartOf":{"@id":"https:\/\/suicidology.ee\/#website"},"datePublished":"2016-10-27T09:11:02+00:00","breadcrumb":{"@id":"https:\/\/suicidology.ee\/en\/books-and-resources\/#breadcrumb"},"inLanguage":"en-US","potentialAction":[{"@type":"ReadAction","target":["https:\/\/suicidology.ee\/en\/books-and-resources\/"]}]},{"@type":"BreadcrumbList","@id":"https:\/\/suicidology.ee\/en\/books-and-resources\/#breadcrumb","itemListElement":[{"@type":"ListItem","position":1,"name":"Home","item":"https:\/\/suicidology.ee\/en\/"},{"@type":"ListItem","position":2,"name":"Books and resources"}]},{"@type":"WebSite","@id":"https:\/\/suicidology.ee\/#website","url":"https:\/\/suicidology.ee\/","name":"Eesti-Rootsi Vaimse Tervise ja Suitsidoloogia Instituut","description":"ERSI","potentialAction":[{"@type":"SearchAction","target":{"@type":"EntryPoint","urlTemplate":"https:\/\/suicidology.ee\/?s={search_term_string}"},"query-input":{"@type":"PropertyValueSpecification","valueRequired":true,"valueName":"search_term_string"}}],"inLanguage":"en-US"}]}},"_links":{"self":[{"href":"https:\/\/suicidology.ee\/en\/wp-json\/wp\/v2\/pages\/483","targetHints":{"allow":["GET"]}}],"collection":[{"href":"https:\/\/suicidology.ee\/en\/wp-json\/wp\/v2\/pages"}],"about":[{"href":"https:\/\/suicidology.ee\/en\/wp-json\/wp\/v2\/types\/page"}],"author":[{"embeddable":true,"href":"https:\/\/suicidology.ee\/en\/wp-json\/wp\/v2\/users\/1"}],"replies":[{"embeddable":true,"href":"https:\/\/suicidology.ee\/en\/wp-json\/wp\/v2\/comments?post=483"}],"version-history":[{"count":1,"href":"https:\/\/suicidology.ee\/en\/wp-json\/wp\/v2\/pages\/483\/revisions"}],"predecessor-version":[{"id":484,"href":"https:\/\/suicidology.ee\/en\/wp-json\/wp\/v2\/pages\/483\/revisions\/484"}],"wp:attachment":[{"href":"https:\/\/suicidology.ee\/en\/wp-json\/wp\/v2\/media?parent=483"}],"curies":[{"name":"wp","href":"https:\/\/api.w.org\/{rel}","templated":true}]}}