{"id":487,"date":"2016-10-27T12:14:45","date_gmt":"2016-10-27T09:14:45","guid":{"rendered":"http:\/\/suicidology.ee\/?page_id=487&#038;lang=en"},"modified":"2016-10-27T12:14:45","modified_gmt":"2016-10-27T09:14:45","slug":"dissertations","status":"publish","type":"page","link":"https:\/\/suicidology.ee\/en\/dissertations\/","title":{"rendered":"Dissertations"},"content":{"rendered":"<h1><strong>Supervised dissertations<\/strong><\/h1>\n<h1><strong>Doctoral thesis<\/strong><\/h1>\n<p>Peeter V\u00e4rnik. Mortality From External Causes, Particularly Suicides, in European Countries: Trends, Socio-Demographic Factors and Measurement Issues. [ V\u00e4lisp\u00f5hjustest tingitud suremus, eesk\u00e4tt suitsiidisuremus Euroopa riikides: trendid, sotsiaal-demograafilised tegurid ja m\u00f5\u00f5tmisprobleemid ].\u00a0 Supervisors: Luule Sakkeus, Prof Ian Rockett (West Virginia University). Consultant: Allan Puur. Opponents: Prof Juris Kr\u016bmi\u0146\u0161 (University of Latvia), Prof Ilkka Henrik M\u00e4kinen (Uppsala University). Tallinn: Tallinn University; <strong>2015<\/strong><\/p>\n<p>Jing Wu. European Older Adults\u2019 Well-Being and Suicide in the Societal and Family Context. [Euroopa vanemaealiste heaolu ja suitsiidi fenomen \u00fchiskonna ja perekonna kontekstis]. Supervisors: Prof Dr Airi V\u00e4rnik, Kairi Kasearu. Opponents: Dr Kai Saks (University of Tartu), Dr Pia Solin (National Institute for Health and Welfare, Finland). Tallinn: Tallinn University; <strong>2014<\/strong><\/p>\n<p>Algi Samm. The relationship between perceived poor family communication and suicidal ideation among adolescents in Estonia. [Suitsiidim\u00f5tete levimus Eesti kooli\u00f5pilastel ning seosed peresuhetega]. Supervisors: Prof Dr Airi V\u00e4rnik, Liina-Mai Tooning. Opponent: Dr Judit Balazs (Eotvos Lorand University). Tartu: University of Tartu, Faculty of Social Sciences; <strong>2012<\/strong><\/p>\n<p>Andriy Yur`yev. Dimension-specific impact of social exclusion on suicide mortality in Europe. Supervisors: Prof Dr Airi V\u00e4rnik, Prof Lauri Leppik. Opponents: Prof Hans van Ewijk (Utrecht University), Prof Dr Alyydas Navickas (Vilnius University). Tallinn: Tallinn University; <b>2012<\/b><\/p>\n<p>Merike Sisask. The social construction and subjective meaning of attempted suicide. [Suitsiidikatse sotsiaalne konstruktsioon ja subjektiivne t\u00e4hendus]. Supervisors: Prof Dr Airi V\u00e4rnik, Prof Mikko Kari Lagerspetz. Opponents: Prof Ilkka Henrik M\u00e4kinen (S\u00f6dert\u00f6rn University), Prof Dr Jaanus Harro (the University of Tartu). Tallinn: Tallinn University; <b>2010<\/b><\/p>\n<p>Kairi K\u00f5lves. Estonians\u2019 and Russian minority\u2019s suicides and suicide risk factors: studies on aggregate and individual level. [Eestlaste ja vene v\u00e4hemuse enesetapud ja enesetapu riskitegurid: \u00fcldkogumi ja indiviidi tasandi uuringud]. Supervisor: Prof Dr Airi V\u00e4rnik. Opponents: Prof Mikko Kari Lagerspetz (Tallinn University), Anu Realo (the University of Tartu). Tartu: University of Tartu, Faculty of Social Sciences; <b>2006<\/b><\/p>\n<p>Airi V\u00e4rnik. Suicide in the Baltic countries and in the former republics of the USSR. Tutor: Prof Danuta Wasserman. Faculty opponent: Prof Marie Asberg. Stockholm: Karolinska Institute; <b>1997<\/b><\/p>\n<h1><strong>Master\u2019s thesis<\/strong><\/h1>\n<p>Marju Taganova. Ambulatoorsele ps\u00fchhiaatrilisele sundravile suundunud ps\u00fc\u00fchikah\u00e4irega isikute ps\u00fchhosotsiaalne toimetulek ja selle toetamise v\u00f5imalusi. [Psychosocial coping and support for compulsori psychiatric care outpatients] Supervisor: Airi V\u00e4rnik. Tallinn: Tallinn University, Institute of Social Work (Change of Structural Unit); <strong>2015<\/strong><\/p>\n<p>Katrin Tibar. Kunstiteraapia harjutustel p\u00f5hinev meetod enese-kaastunde arendamiseks ja suitsidiaalse k\u00e4itumise v\u00e4hendamiseks. [Art Therapy Exercise-Based Method to Promote Self-Compassion and to Subdue Suicidal Behaviour.] Supervisors: Eha R\u00fc\u00fctel, Airi V\u00e4rnik. Tallinn: Tallinn University, Institute of Fine Arts (Change of Structural Unit); <strong>2015<\/strong><\/p>\n<p>Eve-Mai Rao. Sotsiaalse surve avaldamine ja selle tunnetamine noortel t\u00e4iskasvanutel seoses alkoholi tarvitamisega. [Exerting and Experiencing Social Pressure in Relation to Alcohol Consumption in Young Adults]. Supervisor: Airi V\u00e4rnik. Tallinn: Tallinn University, Institute of Social Work; <b>2013<\/b><\/p>\n<p>Keili Pello. 14-aastaste Tallinna koolinoorte toitumisharjumuste, f\u00fc\u00fcsilise aktiivsuse ja kehamassiindeksi seos subjektiivse hinnanguga oma tervisele. [Eating habits, physical activity and body mass index relationship with subjective assessment of health among 14-year old pupils in Tallinn]. Supervisor: Airi V\u00e4rnik. Tallinn: Tallinn University, Institute of Social Work; <b>2012<\/b><\/p>\n<p>Mariliis Malken. Kooli\u00f5pilaste alkoholi tarvitamine perekonna kontekstis. [Consumption of alcohol among school students in family context]. Supervisors: Airi V\u00e4rnik, Peeter V\u00e4rnik. Tallinn: Tallinn University, Institute of Social Work; <b>2011<\/b><\/p>\n<p>Merle Kark. \u00dcksinduse t\u00f5lgendusest ning selle seosed l\u00e4hima suhtev\u00f5rgustikuga noorte seas. [Intepretation of solitude and its relationships with the closest social network among young people]. Supervisors: Airi V\u00e4rnik, Merike Sisask. Tallinn: Tallinn University, Institute of Social Work; <b>2011<\/b><\/p>\n<p>Annelore Hirschon. Tallinna 14-15-aastaste kooli\u00f5pilaste internetikasutuse seos depressiivsusega. [Associations between internet use and depressiveness among 14-15-year old pupils in Tallinn]. Supervisor: Lauraliisa Mark. Tallinn: Tallinn University, Institute of Social Work; <b>2011<\/b><\/p>\n<p>Kertu Valling. Suitsiidijuhtumite kajastamine: anal\u00fc\u00fcs Maailma Terviseorganisatsiooni soovituslikest meediajuhistest l\u00e4htudes. [Reporting of suicide cases: analysis based on the World Health Organization media guidelines]. Supervisor: Merike Sisask. Tallinn: Tallinn University, Institute of Social Work; <b>2010<\/b><\/p>\n<p>Lauraliisa Heidmets. Depressiivsete ja suitsidaalsete kooli\u00f5pilaste seksuaalk\u00e4itumisest. [Sexual behaviour in relation to depressiveness and suicidality among schoolchildren]. Supervisor: Airi V\u00e4rnik. Tallinn: Tallinn University, Institute of Social Work; <b>2009<\/b><\/p>\n<p>Eda Muru. Perearstipraksise sidusus vaimse tervise h\u00e4iretega patsientide puhul. [The coherency between general practice and social work in case of patients with mental disorders]. Supervisors: Airi V\u00e4rnik, Merike Sisask. Tallinn: Tallinn University, Institute of Social Work; <b>2008<\/b><\/p>\n<p>Siiri T\u00f5niste. Tajutud sotsiaalne toetus suitsiidikatse sooritanute hulgas. [Perceived social support among suicide attempters]. Suprevisors: Aleksander Pulver, Merike Sisask. Tallinn: Tallinn University, Faculty of Social Sciences; <b>2007<\/b><\/p>\n<p>Agnes Kaarenoja. Nii vaikseks k\u00f5ik on j\u00e4\u00e4nud? Suicide and the pastors in Viljandi deanery. [Suitsiid ja pastorid Viljandi praostkonnas]. Supervisors: Hannu Sorri, Airi V\u00e4rnik. Helsinki: Helsinki University, Department of Theology; <b>2007<\/b><\/p>\n<p>Ene Palo. Suicide among external causes of death in the Baltic States 1970-2004. [Suitsiid v\u00e4lisp\u00f5hjustest tingitud surmade hulgas Balti riikides 1970-2004]. Supervisor: Airi V\u00e4rnik. Tartu: University of Tartu, Faculty of Medicine, Institute of Pubic Health; <b>2006<\/b><\/p>\n<p>Margit Riit. Suitsiidikatsega seonduvad ps\u00fchholoogilised, somaatilised ja sotsiaalsed aspektid. [Psychological, somatic and social aspects associated with attempted suicide]. Supervisor: Airi V\u00e4rnik. Tallinn: Audentes University, Faculty of Social and Humanitarian Sciences; <b>2006<\/b><\/p>\n<p>Kaddi Talts. Keskealiste meeste suitsiidid Eestis. [Suicides among middle-aged men in Estonia]. Supervisor: Kairi K\u00f5lves, Tartu: University of Tartu, Faculty of Social Sciences;<b>2006<\/b><\/p>\n<p>Merike Sisask. Suitsidaalsus \u00fchiskonnas ning suitsiidikatse sotsiaal-demograafilised, meditsiinilised ja ps\u00fc\u00fchilised m\u00f5jurid. [Suicidality in the community and socio-demographic, medical and psychic factors of attempted suicides.] Supervisor: Airi V\u00e4rnik. Tartu: University of Tartu, Faculty of Medicine, Institute of Pubic Health; <b>2005<\/b><\/p>\n<p>Karmel Saveljev. Suitsiidisurma lein ja suitsiidiohvri l\u00e4hedaste grupit\u00f6\u00f6 mudel sotsiaalt\u00f6\u00f6s. [Bereavement after suicide and group work model in social work for suicide survivors]. Supervisor: Airi V\u00e4rnik. Tartu: University of Tartu, Faculty of Social Sciences; <b>2003<\/b><\/p>\n<p>Kairi K\u00f5lves. Sotsiaalne integratsioon ja elus\u00fcndmused suitsiidiprotsessis. [Social integration and life events in suicide process.] Supervisor: Airi V\u00e4rnik. Tartu: University of Tartu, Faculty of Social Sciences; <b>2001<\/b><\/p>\n<h1><strong>Bachelor\u2019s thesis<\/strong><\/h1>\n<p>Heli-Moonika Kunda. Suitsiidikatse raskusastme seosest ps\u00fc\u00fchilise seisundiga. [Association between the severity of suicide attempt and psychic status.] Supervisor: Maria Teiverlaur, advisers: Kairi K\u00f5lves and Merike Sisask. Tallinn: Academy Nord, Institute of Psychology;<b>2006<\/b><\/p>\n<p>Karin Palo. Suitsiidide kajastamine Eesti meedias. [Coverage of suicides in Estonian media.] Supervisors: Halliki Harro-Loit ja Airi V\u00e4rnik. Tartu: University of Tartu, Faculty of Social Sciences; <b>2005<\/b><\/p>\n<p>Riina Soom. Suitsidaalsus kinnipidamisasutustes. [Suicidality in prisons.] Supervisors: Lembit Suvi and Airi V\u00e4rnik. Tallinn: Mainor Business School; <b>2005<\/b><\/p>\n<p>Mari Ju\u0161kin. Sotsiaalse toetuse m\u00f5ju suitsiidikatse sooritanute subjektiivsele heaolule. [Influence of social support on subjective well-being of suicide attempters.] Supervisor: Airi V\u00e4rnik. Tartu: University of Tartu, Faculty of Social Sciences; <b>2003<\/b><\/p>\n<p>Karmel Saveljev. Suitsiidisurma lein, abi leinajatele ja leinagrupid. [Suicide bereavement, help to survivors and groups of survivors.] Supervisor: Airi V\u00e4rnik. Tartu: University of Tartu, Faculty of Social Sciences; <b>2002<\/b><\/p>\n<p>Ingrid Vigel. Alkohol suitsiidi riskitegurina. [Alcohol as a suicide risk factor.] Supervisor: Airi V\u00e4rnik. Tartu: University of Tartu, Faculty of Social Sciences; <b>2001<\/b><\/p>\n<p>Margit Kirja. Noorte suitsiidi riskitegurid Eestis 1999.a. andmete p\u00f5hjal. [Risk factors of youth siuicides in Estonia by data of 1999.] Supervisor: Airi V\u00e4rnik. Tallinn: Tallinn Pedagogical University; <b>2001<\/b><\/p>\n<p>Sirje Sild. Eutanaasia ajaloolis-\u00f5iguslikust arengust ja perspektiividest. [Historical and juridical development and perspectives of euthanasia.] Supervisor: Airi V\u00e4rnik. Tallinn: Private College on Social Sciences \u201cVeritas\u201d; <b>2000<\/b><\/p>\n<p>Merle Ott. Kuidas Eesti ajalehed kajastavad suitsiide? Eesti P\u00e4evalehe, Postimehe, L\u00e4\u00e4ne Elu ja Sakala n\u00e4itel. [How Estonian newspapers present suicide? By Eesti P\u00e4evaleht, Postimees, L\u00e4\u00e4ne Elu and Sakala.] Supervisor: Airi V\u00e4rnik. Tartu: University of Tartu; <b>2000<\/b><\/p>\n<p>Kairi K\u00f5lves. Igap\u00e4evaelu ja elus\u00fcndmuste seos suitsiidiga. [Everyday life and events in suicide.] Supervisor: Airi V\u00e4rnik. Tartu: University of Tartu, <b>1999<\/b><\/p>\n<p>Mairi Etverk. Suitsidaalne k\u00e4itumine ja selle v\u00f5imalikud ilmingud Eesti noorte hulgas. [Suicidal behaviour and its possible appearance among Estonian young people.] Supervisor: Anne Tiko, adviser: Airi V\u00e4rnik. Tallinn: Tallinn Pedagogical University; <b>1996<\/b><\/p>\n<h1><strong>Opposed dissertations<\/strong><\/h1>\n<h1><strong>Doctoral thesis<\/strong><\/h1>\n<p>Pille \u00d6\u00f6pik. Management of depression in family medicine. [Depressiooni k\u00e4sitlus perearsti praksises.] Supervisor: Heidi-Ingrid Maaroos. Opponents: Airi V\u00e4rnik and Veiko Vasar. Tartu: University of Tartu, Faculty of Medicine; <b>2007<\/b><\/p>\n<p>Heli T\u00e4hep\u00f5ld. Patient konsultation in family medicine. [Konsultatsioon peremeditsiinis.] Supervisor: Heidi-Ingrid Maaroos. Opponents: Airi V\u00e4rnik and Helle Karro. Tartu: University of Tartu, Faculty of Medicine; <b>2006<\/b><\/p>\n<p>Galina Piliagina. Self destructive (autoagressive) behaviour: pathogenetic mechanisms, clynical- typological aspects of diagnostics and treatment. [Ennasth\u00e4vitav k\u00e4itumine (autoagressiivsus): patogeneetilised mehhanismid, kliinilise diagnostika ja ravi aspektid.] Kiev: Ukrainian Research Institute on Social and Forensic Psychiatry; <b>2004<\/b><\/p>\n<p>Irina R\u00f5bnikova. \u0412\u043e\u0437\u0440\u0430\u0441\u0442\u043d\u043e\u0439 \u0430\u043d\u0430\u043b\u0438\u0437 \u0438 \u043c\u0435\u0434\u0438\u043a\u043e-\u043f\u0441\u0438\u0445\u043e\u043b\u043e\u0433\u0438\u0447\u0435\u0441\u043a\u0438\u0435 \u043e\u0441\u043e\u0431\u0435\u043d\u043d\u043e\u0441\u0442\u0438 \u0441\u0443\u0438\u0446\u0438\u0434\u043e\u0432 \u0440\u0430\u0437\u043b\u0438\u0447\u043d\u044b\u0445 \u0433\u0440\u0443\u043f\u043f \u043d\u0430\u0441\u0435\u043b\u0435\u043d\u0438\u044f \u043c\u0435\u0433\u0430\u043f\u043e\u043b\u0438\u0441\u0430 (\u043d\u0430 \u043f\u0440\u0438\u043c\u0435\u0440\u0435 \u0421\u0430\u043d\u043a\u0442-\u041f\u0435\u0442\u0435\u0440\u0431\u0443\u0440\u0433\u0430). [Age-specific analysis of medico-psychological determinants of suicides in St. Petersburg.] St. Petersburg, geriatrics and gerontology; <b>2002<\/b><\/p>\n<p>Toomas Marandi. Depressiooni farmakoteraapia Eestis. [Drug treatment of depression in Estonia.] Supervisor: Prof Lembit R\u00e4go. Opponents: Prof Ain-Elmar Kaasik and Prof Airi V\u00e4rnik. Tartu: University of Tartu, Faculty of Medicine; <b>1998<\/b><\/p>\n","protected":false},"excerpt":{"rendered":"<p>Supervised dissertations Doctoral thesis Peeter V\u00e4rnik. Mortality From External Causes, Particularly Suicides, in European Countries: Trends, Socio-Demographic Factors and Measurement Issues. [ V\u00e4lisp\u00f5hjustest tingitud suremus, eesk\u00e4tt suitsiidisuremus Euroopa riikides: trendid, sotsiaal-demograafilised tegurid ja m\u00f5\u00f5tmisprobleemid ].\u00a0 Supervisors: Luule Sakkeus, Prof Ian Rockett (West Virginia University). Consultant: Allan Puur. Opponents: Prof Juris Kr\u016bmi\u0146\u0161 (University of Latvia), Prof [&hellip;]<\/p>\n","protected":false},"author":1,"featured_media":0,"parent":0,"menu_order":0,"comment_status":"closed","ping_status":"closed","template":"","meta":{"footnotes":""},"class_list":["post-487","page","type-page","status-publish","hentry"],"yoast_head":"<!-- This site is optimized with the Yoast SEO plugin v27.4 - https:\/\/yoast.com\/product\/yoast-seo-wordpress\/ -->\n<title>Dissertations - Eesti-Rootsi Vaimse Tervise ja Suitsidoloogia Instituut<\/title>\n<meta name=\"robots\" content=\"index, follow, max-snippet:-1, max-image-preview:large, max-video-preview:-1\" \/>\n<link rel=\"canonical\" href=\"https:\/\/suicidology.ee\/en\/dissertations\/\" \/>\n<meta property=\"og:locale\" content=\"en_US\" \/>\n<meta property=\"og:type\" content=\"article\" \/>\n<meta property=\"og:title\" content=\"Dissertations - Eesti-Rootsi Vaimse Tervise ja Suitsidoloogia Instituut\" \/>\n<meta property=\"og:description\" content=\"Supervised dissertations Doctoral thesis Peeter V\u00e4rnik. Mortality From External Causes, Particularly Suicides, in European Countries: Trends, Socio-Demographic Factors and Measurement Issues. [ V\u00e4lisp\u00f5hjustest tingitud suremus, eesk\u00e4tt suitsiidisuremus Euroopa riikides: trendid, sotsiaal-demograafilised tegurid ja m\u00f5\u00f5tmisprobleemid ].\u00a0 Supervisors: Luule Sakkeus, Prof Ian Rockett (West Virginia University). Consultant: Allan Puur. Opponents: Prof Juris Kr\u016bmi\u0146\u0161 (University of Latvia), Prof [&hellip;]\" \/>\n<meta property=\"og:url\" content=\"https:\/\/suicidology.ee\/en\/dissertations\/\" \/>\n<meta property=\"og:site_name\" content=\"Eesti-Rootsi Vaimse Tervise ja Suitsidoloogia Instituut\" \/>\n<meta name=\"twitter:card\" content=\"summary_large_image\" \/>\n<meta name=\"twitter:label1\" content=\"Est. reading time\" \/>\n\t<meta name=\"twitter:data1\" content=\"7 minutes\" \/>\n<script type=\"application\/ld+json\" class=\"yoast-schema-graph\">{\"@context\":\"https:\\\/\\\/schema.org\",\"@graph\":[{\"@type\":\"WebPage\",\"@id\":\"https:\\\/\\\/suicidology.ee\\\/en\\\/dissertations\\\/\",\"url\":\"https:\\\/\\\/suicidology.ee\\\/en\\\/dissertations\\\/\",\"name\":\"Dissertations - Eesti-Rootsi Vaimse Tervise ja Suitsidoloogia Instituut\",\"isPartOf\":{\"@id\":\"https:\\\/\\\/suicidology.ee\\\/#website\"},\"datePublished\":\"2016-10-27T09:14:45+00:00\",\"breadcrumb\":{\"@id\":\"https:\\\/\\\/suicidology.ee\\\/en\\\/dissertations\\\/#breadcrumb\"},\"inLanguage\":\"en-US\",\"potentialAction\":[{\"@type\":\"ReadAction\",\"target\":[\"https:\\\/\\\/suicidology.ee\\\/en\\\/dissertations\\\/\"]}]},{\"@type\":\"BreadcrumbList\",\"@id\":\"https:\\\/\\\/suicidology.ee\\\/en\\\/dissertations\\\/#breadcrumb\",\"itemListElement\":[{\"@type\":\"ListItem\",\"position\":1,\"name\":\"Home\",\"item\":\"https:\\\/\\\/suicidology.ee\\\/en\\\/\"},{\"@type\":\"ListItem\",\"position\":2,\"name\":\"Dissertations\"}]},{\"@type\":\"WebSite\",\"@id\":\"https:\\\/\\\/suicidology.ee\\\/#website\",\"url\":\"https:\\\/\\\/suicidology.ee\\\/\",\"name\":\"Eesti-Rootsi Vaimse Tervise ja Suitsidoloogia Instituut\",\"description\":\"ERSI\",\"potentialAction\":[{\"@type\":\"SearchAction\",\"target\":{\"@type\":\"EntryPoint\",\"urlTemplate\":\"https:\\\/\\\/suicidology.ee\\\/?s={search_term_string}\"},\"query-input\":{\"@type\":\"PropertyValueSpecification\",\"valueRequired\":true,\"valueName\":\"search_term_string\"}}],\"inLanguage\":\"en-US\"}]}<\/script>\n<!-- \/ Yoast SEO plugin. -->","yoast_head_json":{"title":"Dissertations - Eesti-Rootsi Vaimse Tervise ja Suitsidoloogia Instituut","robots":{"index":"index","follow":"follow","max-snippet":"max-snippet:-1","max-image-preview":"max-image-preview:large","max-video-preview":"max-video-preview:-1"},"canonical":"https:\/\/suicidology.ee\/en\/dissertations\/","og_locale":"en_US","og_type":"article","og_title":"Dissertations - Eesti-Rootsi Vaimse Tervise ja Suitsidoloogia Instituut","og_description":"Supervised dissertations Doctoral thesis Peeter V\u00e4rnik. Mortality From External Causes, Particularly Suicides, in European Countries: Trends, Socio-Demographic Factors and Measurement Issues. [ V\u00e4lisp\u00f5hjustest tingitud suremus, eesk\u00e4tt suitsiidisuremus Euroopa riikides: trendid, sotsiaal-demograafilised tegurid ja m\u00f5\u00f5tmisprobleemid ].\u00a0 Supervisors: Luule Sakkeus, Prof Ian Rockett (West Virginia University). Consultant: Allan Puur. Opponents: Prof Juris Kr\u016bmi\u0146\u0161 (University of Latvia), Prof [&hellip;]","og_url":"https:\/\/suicidology.ee\/en\/dissertations\/","og_site_name":"Eesti-Rootsi Vaimse Tervise ja Suitsidoloogia Instituut","twitter_card":"summary_large_image","twitter_misc":{"Est. reading time":"7 minutes"},"schema":{"@context":"https:\/\/schema.org","@graph":[{"@type":"WebPage","@id":"https:\/\/suicidology.ee\/en\/dissertations\/","url":"https:\/\/suicidology.ee\/en\/dissertations\/","name":"Dissertations - Eesti-Rootsi Vaimse Tervise ja Suitsidoloogia Instituut","isPartOf":{"@id":"https:\/\/suicidology.ee\/#website"},"datePublished":"2016-10-27T09:14:45+00:00","breadcrumb":{"@id":"https:\/\/suicidology.ee\/en\/dissertations\/#breadcrumb"},"inLanguage":"en-US","potentialAction":[{"@type":"ReadAction","target":["https:\/\/suicidology.ee\/en\/dissertations\/"]}]},{"@type":"BreadcrumbList","@id":"https:\/\/suicidology.ee\/en\/dissertations\/#breadcrumb","itemListElement":[{"@type":"ListItem","position":1,"name":"Home","item":"https:\/\/suicidology.ee\/en\/"},{"@type":"ListItem","position":2,"name":"Dissertations"}]},{"@type":"WebSite","@id":"https:\/\/suicidology.ee\/#website","url":"https:\/\/suicidology.ee\/","name":"Eesti-Rootsi Vaimse Tervise ja Suitsidoloogia Instituut","description":"ERSI","potentialAction":[{"@type":"SearchAction","target":{"@type":"EntryPoint","urlTemplate":"https:\/\/suicidology.ee\/?s={search_term_string}"},"query-input":{"@type":"PropertyValueSpecification","valueRequired":true,"valueName":"search_term_string"}}],"inLanguage":"en-US"}]}},"_links":{"self":[{"href":"https:\/\/suicidology.ee\/en\/wp-json\/wp\/v2\/pages\/487","targetHints":{"allow":["GET"]}}],"collection":[{"href":"https:\/\/suicidology.ee\/en\/wp-json\/wp\/v2\/pages"}],"about":[{"href":"https:\/\/suicidology.ee\/en\/wp-json\/wp\/v2\/types\/page"}],"author":[{"embeddable":true,"href":"https:\/\/suicidology.ee\/en\/wp-json\/wp\/v2\/users\/1"}],"replies":[{"embeddable":true,"href":"https:\/\/suicidology.ee\/en\/wp-json\/wp\/v2\/comments?post=487"}],"version-history":[{"count":1,"href":"https:\/\/suicidology.ee\/en\/wp-json\/wp\/v2\/pages\/487\/revisions"}],"predecessor-version":[{"id":488,"href":"https:\/\/suicidology.ee\/en\/wp-json\/wp\/v2\/pages\/487\/revisions\/488"}],"wp:attachment":[{"href":"https:\/\/suicidology.ee\/en\/wp-json\/wp\/v2\/media?parent=487"}],"curies":[{"name":"wp","href":"https:\/\/api.w.org\/{rel}","templated":true}]}}