{"id":491,"date":"2016-10-27T12:16:35","date_gmt":"2016-10-27T09:16:35","guid":{"rendered":"http:\/\/suicidology.ee\/?page_id=491&#038;lang=en"},"modified":"2016-10-27T12:16:35","modified_gmt":"2016-10-27T09:16:35","slug":"conferences-in-estonia","status":"publish","type":"page","link":"https:\/\/suicidology.ee\/en\/conferences-in-estonia\/","title":{"rendered":"Conferences in Estonia"},"content":{"rendered":"<h1><strong>2013<\/strong><\/h1>\n<p>Sisask M. V\u00e4simusega seonduvad vaimse tervise n\u00e4itajad ja elustiiliharjumused Euroopa teismelistel koolinoortel. Eesti K\u00e4itumis- ja Terviseteaduste Keskuse XII aastakonverents, Roosta, <strong>2013<\/strong><\/p>\n<p>V\u00e4rnik P. V\u00e4lisp\u00f5hjustest tingitud surmad Eestis v\u00f5rrelduna muu maailmaga. Eesti K\u00e4itumis- ja Terviseteaduste Keskuse XII aastakonverents, Roosta, <strong>2013<\/strong><\/p>\n<p>Sisask M. Vaimse tervise edendamise ja kaitse sekkumisprogrammide t\u00f5endusp\u00f5hisusest. Tervisedenduse konverents \u201eToetades teadlikke valikuid\u201c, Tallinn, <strong>2013<\/strong><\/p>\n<h1><strong>2012<\/strong><\/h1>\n<p>V\u00e4rnik P. V\u00e4lisp\u00f5hjustest tingitud suremus Euroopa riikides: trendid ja sotsiaal-demograafilised m\u00f5jurid. Eesti Demograafia Assotsiatsiooni aastakoosolek, Tallinn, <strong>2012<\/strong><\/p>\n<p>Sisask M. SUPREME projekt: veebip\u00f5hine sekkumine vaimse tervise edendamiseks ja suitsidaalse k\u00e4itumise ennetamiseks. Eesti K\u00e4itumis- ja Terviseteaduste Keskuse XI aastakonverents, Nelij\u00e4rve, <strong>2012<\/strong><\/p>\n<p>Sisask M. Sekkumisv\u00f5imalused koolides vaimse tervise edendamiseks ja riskik\u00e4itumise ennetamiseks. Rapla maakonna XV tervisedenduse konverents, Rapla, <strong>2012<\/strong><\/p>\n<p>R\u00fc\u00fctel E. S\u00f5ltuvus ja riskik\u00e4itumine noortel kui multidimensionaalne ps\u00fchhosotsiaalne n\u00e4htus. Rapla maakonna XV tervisedenduse konverents, Rapla, <strong>2012<\/strong><\/p>\n<p>Mitendorf A. Internet kui vaimse tervise edendamise suurep\u00e4rane t\u00f6\u00f6riist!? Rapla maakonna XV tervisedenduse konverents, Rapla, <strong>2012<\/strong><\/p>\n<h1><strong>2011<\/strong><\/h1>\n<p>Sisask M. Riskik\u00e4itumise ennetamisest vaimse tervise edendamiseni. Projekt SEYLE: Saving and Empowering Young Lives in Europe. Tervisedenduse konverents \u201eTuleviku v\u00f5ti \u2013 lapsed ja noored\u201c, Tartu, <strong>2011<\/strong><\/p>\n<p>Samm A. Suitsiidiidee seos riskik\u00e4itumise ja peresuhetega Eesti, Leedu ja Luxemburgi koolilastel. Eesti K\u00e4itumis- ja Terviseteaduste Keskuse X aastakonverents, Sagadi, <strong>2011<\/strong><\/p>\n<p>Sisask M. Suitsiid-m\u00f5rva meediakajastusele j\u00e4rgnenud internetikommentaarid. Eesti K\u00e4itumis- ja Terviseteaduste Keskuse X aastakonverents, Sagadi, <strong>2011<\/strong><\/p>\n<p>V\u00e4rnik P. Suitsiidistatistika usaldusv\u00e4\u00e4rsus Euroopas ebaselge tahtlusega vigastussurmade anal\u00fc\u00fcsile tuginedes: 2-20 orientiir. Eesti K\u00e4itumis- ja Terviseteaduste Keskuse X aastakonverents, Sagadi, <strong>2011<\/strong><\/p>\n<p>Wu J. Gender- and method-specific suicide prevention among elderly in 16 European countries [Soo- ja meetodip\u00f5hine suitsidipreventsioon eakate hulgas 16 Euroopa riigis]. Eesti K\u00e4itumis- ja Terviseteaduste Keskuse X aastakonverents, Sagadi, <strong>2011<\/strong><\/p>\n<p>V\u00e4rnik P. Vigastussurmade trendid taasiseseisvunud Eestis v\u00f5rdlevas perspektiivis. Sotsiaalteaduste konverents \u201e20 aastat iseseisvust\u201c, Tallinn, <strong>2011<\/strong><\/p>\n<p>Sisask M. Enesetappude ennetamisest vaimse tervise edendamiseni ERSI projektide n\u00e4itel. Sotsiaalteaduste konverents \u201e20 aastat iseseisvust\u201c, Tallinn, <strong>2011<\/strong><\/p>\n<p>Sisask M. Vaimne tervis religiooni kontekstis. Eesti Ps\u00fchhiaatrite Seltsi aastakonverents, P\u00e4rnu, <strong>2011<\/strong><\/p>\n<p>Yur\u2019yev A. Sotsiaalne heaolu\/t\u00f5rjutus kajastub vaimses tervises. Eesti Ps\u00fchhiaatrite Seltsi aastakonverents, P\u00e4rnu, <strong>2011<\/strong><\/p>\n<p>V\u00e4rnik P. Kooli\u00f5pilaste subjektiivne heaolu Euroopa Komisjoni projekti SEYLE andmetel. Eesti Ps\u00fchhiaatrite Seltsi aastakonverents, P\u00e4rnu, <strong>2011<\/strong><\/p>\n<p>Mark L. Kooli\u00f5pilaste riskik\u00e4itumise seos vaimse tervisega. Eesti Ps\u00fchhiaatrite Seltsi aastakonverents, P\u00e4rnu, <strong>2011<\/strong><\/p>\n<p>Wu J. \u00dchiskonna hoiakud m\u00f5jutavad eakate suitsiidide levikut. Eesti Ps\u00fchhiaatrite Seltsi aastakonverents, P\u00e4rnu, <strong>2011<\/strong><\/p>\n<p>Laido Z. Suitsiidkatsed PERHi andmetel. Eesti Ps\u00fchhiaatrite Seltsi aastakonverents, P\u00e4rnu,<strong>2011<\/strong><\/p>\n<p>V\u00e4rnik A. Sotsiaalps\u00fchhiaatria rahva vaimse tervise teenistuses. Eesti Ps\u00fchhiaatrite Seltsi aastakonverents, P\u00e4rnu, <strong>2011<\/strong><\/p>\n<h1><strong>2010<\/strong><\/h1>\n<p>Sisask M. V\u00e4simuse m\u00f5ju teismeliste vaimsele tervisele. Eesti K\u00e4itumis- ja Terviseteaduste Keskuse IX aastakonverents, Lepanina, <strong>2010<\/strong><\/p>\n<p>Wu J. Suicide with drug overdose. [Ravimite \u00fcledoosiga sooritatud suitsiidid]. Eesti K\u00e4itumis- ja Terviseteaduste Keskuse IX aastakonverents, Lepanina, <strong>2010<\/strong><\/p>\n<p>Yur\u2019yev A. Employment status and suicide in Europe. [T\u00f6\u00f6staatus ja suitsiidid Euroopas]. Eesti K\u00e4itumis- ja Terviseteaduste Keskuse IX aastakonverents, Lepanina, <strong>2010<\/strong><\/p>\n<p>V\u00e4rnik P. Teismeliste vaimne tervis Tallinna koolides: SEYLE projekti esialgsed tulemused. Eesti K\u00e4itumis- ja Terviseteaduste Keskuse IX aastakonverents, Lepanina, <strong>2010<\/strong><\/p>\n<p>Mark L. R\u00fcnded ja riski otsimine. SEYLE projekti konverents: kooli\u00f5pilaste tervise- ja riskik\u00e4itumine vaimse tervise kontekstis. Tallinn, <strong>2010<\/strong><\/p>\n<p>Mark L, Sisask M, Samm A, Aasvee K, V\u00e4rnik A. Suitsidaalsus ja riskik\u00e4itumine Eesti, Leedu ja Luksemburgi koolinoortel. Eesti K\u00e4itumis- ja Terviseteaduste Keskuse IX aastakonverents, Lepanina, <strong>2010<\/strong><\/p>\n<p>Sisask M. Vaimne tervis koolides \u2013 SEYLE projekt. Konverents \u201eTervisliku elu kompass\u201c, Tallinn, <strong>2010<\/strong><\/p>\n<h1><strong>2009<\/strong><\/h1>\n<p>V\u00e4rnik P, Sisask M, Laido Z, V\u00e4rnik A. Suitsiidide registreerimine ning selle m\u00f5ju ebaselge tahtlusega surmade arvukusele. Eesti K\u00e4itumis- ja Terviseteaduste Keskuse VIII aastakonverents, Vihula, <strong>2009<\/strong><\/p>\n<h1><strong>2008<\/strong><\/h1>\n<p>Sisask M, V\u00e4rnik A, K\u00f5lves K, Bertolote JM, Bolhari J, Botega NJ, Fleischmann A, Vijayakumar L, Wasserman D. Religioossus kui kaitsetegur suitsiidikatse vastu: WHO SUPRE-MISS juhtkontroll uuring. Eesti K\u00e4itumis- ja Terviseteaduste Keskuse VII aastakonverents, Narva-J\u00f5esuu, <strong>2008<\/strong><\/p>\n<h1><strong>2007<\/strong><\/h1>\n<p>Sisask M, V\u00e4rnik A, K\u00f5lves K, Wasserman D, De Leo D, Berolote JM, Botega N, Phillips M, Vijayakumar L, Bolhari J, Schlebusch L, De Silva D, Nguyen VT, Fleischmann A. Subjektiivne ps\u00fchholoogiline heaolu suitsiidikatse raskusastme m\u00e4\u00e4ratlemisel. Eesti K\u00e4itumis- ja Terviseteaduste Keskuse VI aastakonverents, Toila, <strong>2007<\/strong><\/p>\n<h1><strong>2006<\/strong><\/h1>\n<p>Palo E, V\u00e4rnik A, K\u00f5lves K, Tooding LM, Schmidtke A. Miks erinevad suitsiiditrendid post-sovetlikes riikides muust Euroopast? Eesti K\u00e4itumis- ja Terviseteaduste Keskuse V aastakonverents, Roosta, <strong>2006<\/strong><\/p>\n<p>Samm A, V\u00e4rnik A, Tooding LM, Sisask M, K\u00f5lves K, von Knorring AL. Depressiooni s\u00fcmptomaatika L\u00e4\u00e4ne-Eesti kooli\u00f5pilaste hulgas. Eesti K\u00e4itumis- ja Terviseteaduste Keskuse V aastakonverents, <strong>2006<\/strong><\/p>\n<p>Sisask M, K\u00f5lves K, Samm A, Anion L, Raudsepp J, V\u00e4rnik A. Suitsiidikatse raskusastme m\u00e4\u00e4ratlus ja selle seos ps\u00fc\u00fchilise seisundiga. Eesti K\u00e4itumis- ja Terviseteaduste Keskuse V aastakonverentss, Roosta, <strong>2006<\/strong><\/p>\n<h1><strong>2005<\/strong><\/h1>\n<p>Sisask M, V\u00e4rnik A. WHO SUPRE-MISS: Suitsiidikatse sooritanute ps\u00fc\u00fchiline terviseseisund ja kontakt tervishoiuasutustega. Eesti K\u00e4itumis- ja Terviseteaduste Keskuse IV aastakonverents, P\u00e4rnu, <strong>2005<\/strong><\/p>\n<p>Sisask M, V\u00e4rnik A. Depressioon ja suitsidaalsus: avalikkuse hoiak ja teadlikkus. Eesti\u00a0 Sotsiaalteaduste VI\u00a0 aastakonverents, Tallinn, <strong>2005<\/strong><\/p>\n<h1><strong>2004<\/strong><\/h1>\n<p>Sisask M, V\u00e4rnik A. Suitsiidikatse kajastamine meedias ja sellelej\u00e4rgnenud Interneti kommentaarid. Eesti K\u00e4itumis- ja Terviseteaduste Keskuse III aastakonverents, V\u00f5ru-Kubija, <strong>2004<\/strong><\/p>\n<p>Sisask M, V\u00e4rnik A. Kahe teismelise \u00fchise suitsiidikatse kajastamine meedias ja sellele j\u00e4rgnenud Interneti kommentaarid. Eesti\u00a0 Sotsiaalteaduste V aastakonverents, Tartu, <strong>2004<\/strong><\/p>\n<h1><strong>2003<\/strong><\/h1>\n<p>Sisask M, K\u00f5lves K, V\u00e4rnik A. WHO-SUPRE: \u00dclemaailmne suitsiidikatsete uuring Eestis. Eesti K\u00e4itumis- ja Terviseteaduste Keskuse II aastakonverents, P\u00fchaj\u00e4rve, <strong>2003<\/strong><\/p>\n<p>K\u00f5lves K, V\u00e4rnik A, Tooding LM, Wasserman D. Alkoholi tarbimisharjumused prognoosivad suitsiidi: suitsidentide ja kontrollgrupi v\u00f5rdlus. Eesti\u00a0 Sotsiaalteaduste IV aastakonverents, Tartu, <strong>2003<\/strong><\/p>\n","protected":false},"excerpt":{"rendered":"<p>2013 Sisask M. V\u00e4simusega seonduvad vaimse tervise n\u00e4itajad ja elustiiliharjumused Euroopa teismelistel koolinoortel. Eesti K\u00e4itumis- ja Terviseteaduste Keskuse XII aastakonverents, Roosta, 2013 V\u00e4rnik P. V\u00e4lisp\u00f5hjustest tingitud surmad Eestis v\u00f5rrelduna muu maailmaga. Eesti K\u00e4itumis- ja Terviseteaduste Keskuse XII aastakonverents, Roosta, 2013 Sisask M. Vaimse tervise edendamise ja kaitse sekkumisprogrammide t\u00f5endusp\u00f5hisusest. Tervisedenduse konverents \u201eToetades teadlikke valikuid\u201c, Tallinn, [&hellip;]<\/p>\n","protected":false},"author":1,"featured_media":0,"parent":0,"menu_order":0,"comment_status":"closed","ping_status":"closed","template":"","meta":{"footnotes":""},"class_list":["post-491","page","type-page","status-publish","hentry"],"yoast_head":"<!-- This site is optimized with the Yoast SEO plugin v27.4 - https:\/\/yoast.com\/product\/yoast-seo-wordpress\/ -->\n<title>Conferences in Estonia - Eesti-Rootsi Vaimse Tervise ja Suitsidoloogia Instituut<\/title>\n<meta name=\"robots\" content=\"index, follow, max-snippet:-1, max-image-preview:large, max-video-preview:-1\" \/>\n<link rel=\"canonical\" href=\"https:\/\/suicidology.ee\/en\/conferences-in-estonia\/\" \/>\n<meta property=\"og:locale\" content=\"en_US\" \/>\n<meta property=\"og:type\" content=\"article\" \/>\n<meta property=\"og:title\" content=\"Conferences in Estonia - Eesti-Rootsi Vaimse Tervise ja Suitsidoloogia Instituut\" \/>\n<meta property=\"og:description\" content=\"2013 Sisask M. V\u00e4simusega seonduvad vaimse tervise n\u00e4itajad ja elustiiliharjumused Euroopa teismelistel koolinoortel. Eesti K\u00e4itumis- ja Terviseteaduste Keskuse XII aastakonverents, Roosta, 2013 V\u00e4rnik P. V\u00e4lisp\u00f5hjustest tingitud surmad Eestis v\u00f5rrelduna muu maailmaga. Eesti K\u00e4itumis- ja Terviseteaduste Keskuse XII aastakonverents, Roosta, 2013 Sisask M. Vaimse tervise edendamise ja kaitse sekkumisprogrammide t\u00f5endusp\u00f5hisusest. Tervisedenduse konverents \u201eToetades teadlikke valikuid\u201c, Tallinn, [&hellip;]\" \/>\n<meta property=\"og:url\" content=\"https:\/\/suicidology.ee\/en\/conferences-in-estonia\/\" \/>\n<meta property=\"og:site_name\" content=\"Eesti-Rootsi Vaimse Tervise ja Suitsidoloogia Instituut\" \/>\n<meta name=\"twitter:card\" content=\"summary_large_image\" \/>\n<meta name=\"twitter:label1\" content=\"Est. reading time\" \/>\n\t<meta name=\"twitter:data1\" content=\"5 minutes\" \/>\n<script type=\"application\/ld+json\" class=\"yoast-schema-graph\">{\"@context\":\"https:\\\/\\\/schema.org\",\"@graph\":[{\"@type\":\"WebPage\",\"@id\":\"https:\\\/\\\/suicidology.ee\\\/en\\\/conferences-in-estonia\\\/\",\"url\":\"https:\\\/\\\/suicidology.ee\\\/en\\\/conferences-in-estonia\\\/\",\"name\":\"Conferences in Estonia - Eesti-Rootsi Vaimse Tervise ja Suitsidoloogia Instituut\",\"isPartOf\":{\"@id\":\"https:\\\/\\\/suicidology.ee\\\/#website\"},\"datePublished\":\"2016-10-27T09:16:35+00:00\",\"breadcrumb\":{\"@id\":\"https:\\\/\\\/suicidology.ee\\\/en\\\/conferences-in-estonia\\\/#breadcrumb\"},\"inLanguage\":\"en-US\",\"potentialAction\":[{\"@type\":\"ReadAction\",\"target\":[\"https:\\\/\\\/suicidology.ee\\\/en\\\/conferences-in-estonia\\\/\"]}]},{\"@type\":\"BreadcrumbList\",\"@id\":\"https:\\\/\\\/suicidology.ee\\\/en\\\/conferences-in-estonia\\\/#breadcrumb\",\"itemListElement\":[{\"@type\":\"ListItem\",\"position\":1,\"name\":\"Home\",\"item\":\"https:\\\/\\\/suicidology.ee\\\/en\\\/\"},{\"@type\":\"ListItem\",\"position\":2,\"name\":\"Conferences in Estonia\"}]},{\"@type\":\"WebSite\",\"@id\":\"https:\\\/\\\/suicidology.ee\\\/#website\",\"url\":\"https:\\\/\\\/suicidology.ee\\\/\",\"name\":\"Eesti-Rootsi Vaimse Tervise ja Suitsidoloogia Instituut\",\"description\":\"ERSI\",\"potentialAction\":[{\"@type\":\"SearchAction\",\"target\":{\"@type\":\"EntryPoint\",\"urlTemplate\":\"https:\\\/\\\/suicidology.ee\\\/?s={search_term_string}\"},\"query-input\":{\"@type\":\"PropertyValueSpecification\",\"valueRequired\":true,\"valueName\":\"search_term_string\"}}],\"inLanguage\":\"en-US\"}]}<\/script>\n<!-- \/ Yoast SEO plugin. -->","yoast_head_json":{"title":"Conferences in Estonia - Eesti-Rootsi Vaimse Tervise ja Suitsidoloogia Instituut","robots":{"index":"index","follow":"follow","max-snippet":"max-snippet:-1","max-image-preview":"max-image-preview:large","max-video-preview":"max-video-preview:-1"},"canonical":"https:\/\/suicidology.ee\/en\/conferences-in-estonia\/","og_locale":"en_US","og_type":"article","og_title":"Conferences in Estonia - Eesti-Rootsi Vaimse Tervise ja Suitsidoloogia Instituut","og_description":"2013 Sisask M. V\u00e4simusega seonduvad vaimse tervise n\u00e4itajad ja elustiiliharjumused Euroopa teismelistel koolinoortel. Eesti K\u00e4itumis- ja Terviseteaduste Keskuse XII aastakonverents, Roosta, 2013 V\u00e4rnik P. V\u00e4lisp\u00f5hjustest tingitud surmad Eestis v\u00f5rrelduna muu maailmaga. Eesti K\u00e4itumis- ja Terviseteaduste Keskuse XII aastakonverents, Roosta, 2013 Sisask M. Vaimse tervise edendamise ja kaitse sekkumisprogrammide t\u00f5endusp\u00f5hisusest. Tervisedenduse konverents \u201eToetades teadlikke valikuid\u201c, Tallinn, [&hellip;]","og_url":"https:\/\/suicidology.ee\/en\/conferences-in-estonia\/","og_site_name":"Eesti-Rootsi Vaimse Tervise ja Suitsidoloogia Instituut","twitter_card":"summary_large_image","twitter_misc":{"Est. reading time":"5 minutes"},"schema":{"@context":"https:\/\/schema.org","@graph":[{"@type":"WebPage","@id":"https:\/\/suicidology.ee\/en\/conferences-in-estonia\/","url":"https:\/\/suicidology.ee\/en\/conferences-in-estonia\/","name":"Conferences in Estonia - Eesti-Rootsi Vaimse Tervise ja Suitsidoloogia Instituut","isPartOf":{"@id":"https:\/\/suicidology.ee\/#website"},"datePublished":"2016-10-27T09:16:35+00:00","breadcrumb":{"@id":"https:\/\/suicidology.ee\/en\/conferences-in-estonia\/#breadcrumb"},"inLanguage":"en-US","potentialAction":[{"@type":"ReadAction","target":["https:\/\/suicidology.ee\/en\/conferences-in-estonia\/"]}]},{"@type":"BreadcrumbList","@id":"https:\/\/suicidology.ee\/en\/conferences-in-estonia\/#breadcrumb","itemListElement":[{"@type":"ListItem","position":1,"name":"Home","item":"https:\/\/suicidology.ee\/en\/"},{"@type":"ListItem","position":2,"name":"Conferences in Estonia"}]},{"@type":"WebSite","@id":"https:\/\/suicidology.ee\/#website","url":"https:\/\/suicidology.ee\/","name":"Eesti-Rootsi Vaimse Tervise ja Suitsidoloogia Instituut","description":"ERSI","potentialAction":[{"@type":"SearchAction","target":{"@type":"EntryPoint","urlTemplate":"https:\/\/suicidology.ee\/?s={search_term_string}"},"query-input":{"@type":"PropertyValueSpecification","valueRequired":true,"valueName":"search_term_string"}}],"inLanguage":"en-US"}]}},"_links":{"self":[{"href":"https:\/\/suicidology.ee\/en\/wp-json\/wp\/v2\/pages\/491","targetHints":{"allow":["GET"]}}],"collection":[{"href":"https:\/\/suicidology.ee\/en\/wp-json\/wp\/v2\/pages"}],"about":[{"href":"https:\/\/suicidology.ee\/en\/wp-json\/wp\/v2\/types\/page"}],"author":[{"embeddable":true,"href":"https:\/\/suicidology.ee\/en\/wp-json\/wp\/v2\/users\/1"}],"replies":[{"embeddable":true,"href":"https:\/\/suicidology.ee\/en\/wp-json\/wp\/v2\/comments?post=491"}],"version-history":[{"count":1,"href":"https:\/\/suicidology.ee\/en\/wp-json\/wp\/v2\/pages\/491\/revisions"}],"predecessor-version":[{"id":492,"href":"https:\/\/suicidology.ee\/en\/wp-json\/wp\/v2\/pages\/491\/revisions\/492"}],"wp:attachment":[{"href":"https:\/\/suicidology.ee\/en\/wp-json\/wp\/v2\/media?parent=491"}],"curies":[{"name":"wp","href":"https:\/\/api.w.org\/{rel}","templated":true}]}}