{"id":570,"date":"2016-10-27T13:16:23","date_gmt":"2016-10-27T10:16:23","guid":{"rendered":"http:\/\/suicidology.ee\/?page_id=570&#038;lang=en"},"modified":"2016-10-27T13:16:30","modified_gmt":"2016-10-27T10:16:30","slug":"local-projects","status":"publish","type":"page","link":"https:\/\/suicidology.ee\/en\/local-projects\/","title":{"rendered":"Local projects"},"content":{"rendered":"<\/div><\/div>\n\n\t\t\t<\/div>\n\t\t<div class=\"hoidja eraldi\">\n\t\t\t\t\t\t<div class=\"sisu\">\n\t\t\t\t<h1>Suicide prevention situation analysis and stakeholder discussion in Estonia<\/h1>\n\t\t\t\t<p><strong>Duration: <\/strong>01.03.2021\u201330.04.2021<br \/>\n<strong>Funding<\/strong>: 5 000 EUR<br \/>\n<strong>Principal investigator<\/strong>: Merike Sisask<br \/>\n<strong>Number<\/strong>: WHO\/2021\/1099048-0<br \/>\n<strong>Funder<\/strong>: Estonian-Swedish Mental Health and Suicidology Institute<br \/>\n<strong>Institution<\/strong>: Estonian-Swedish Mental Health and Suicidology Institute<\/p>\n\t\t\t<\/div>\n\t\t\t<\/div>\n\t\t<div class=\"hoidja eraldi\">\n\t\t\t\t\t\t<div class=\"sisu\">\n\t\t\t\t<h1>Empowering VATEK and suicide prevention<\/h1>\n\t\t\t\t<p><strong>Duration: <\/strong>01.01.2020\u201331.12.2021<br \/>\n<strong>Funding<\/strong>: 260 000 EUR<br \/>\n<strong>Principal investigator<\/strong>: Merike Sisask<br \/>\n<strong>Number<\/strong>: RE.3.01.19-0368<br \/>\n<strong>Funder<\/strong>: Estonian Ministry of Social Affairs<br \/>\n<strong>Institution<\/strong>: Estonian-Swedish Mental Health and Suicidology Institute<\/p>\n\t\t\t<\/div>\n\t\t\t<\/div>\n\t\t<div class=\"hoidja eraldi\">\n\t\t\t\t\t\t<div class=\"sisu\">\n\t\t\t\t<h1>Survey on mental health of 6th and 9th grade students in schools of P\u00f5lva county<\/h1>\n\t\t\t\t<p><strong>Duration: <\/strong>01.06.2019\u201330.04.2020<br \/>\n<strong>Funding<\/strong>: 4 020 EUR<br \/>\n<strong>Principal investigator<\/strong>: Merike Sisask<br \/>\n<strong>Number<\/strong>: ERSI-2019\/1<br \/>\n<strong>Funder<\/strong>: P\u00f5lvamaa Development Centre<br \/>\n<strong>Institution<\/strong>: Estonian-Swedish Mental Health and Suicidology Institute<\/p>\n\t\t\t<\/div>\n\t\t\t<\/div>\n\t\t<div class=\"hoidja eraldi\">\n\t\t\t\t\t\t<div class=\"sisu\">\n\t\t\t\t<h1>VATEK as a developer and optimizer of the mental health services pyramid<\/h1>\n\t\t\t\t<p><strong>Duration: <\/strong>01.02.2019\u201331.12.2019<br \/>\n<strong>Funding<\/strong>: 31 736 EUR<br \/>\n<strong>Principal investigator<\/strong>: Merike Sisask<br \/>\n<strong>Number<\/strong>: 3-3\/863-1<br \/>\n<strong>Funder<\/strong>: Estonian Ministry of Social Affairs<br \/>\n<strong>Institution<\/strong>: Estonian-Swedish Mental Health and Suicidology Institute<\/p>\n\t\t\t<\/div>\n\t\t\t<\/div>\n\t\t<div class=\"hoidja eraldi\">\n\t\t\t\t\t\t<div class=\"sisu\">\n\t\t\t\t<h1>VATEK as a bridge on the border of social and health care sector<\/h1>\n\t\t\t\t<p><strong>Duration: <\/strong>01.02.2018\u201331.12.2018<br \/>\n<strong>Funding<\/strong>: 30 000 EUR<br \/>\n<strong>Principal<\/strong> <strong>investigator<\/strong>: Merike Sisask<br \/>\n<strong>Number<\/strong>: 3-3\/527-1<br \/>\n<strong>Funder<\/strong>: Ministry of Social Affairs<br \/>\n<strong>Institution<\/strong>: Estonian-Swedish Mental Health and Suicidology Institute<\/p>\n\t\t\t<\/div>\n\t\t\t<\/div>\n\t\t<div class=\"hoidja eraldi\">\n\t\t\t\t\t\t<div class=\"sisu\">\n\t\t\t\t<h1>Protective and risk factors of veterans&#8217; suicidality<\/h1>\n\t\t\t\t<p><strong>Duration: <\/strong>24.10.2017\u201315.12.2018<br \/>\n<strong>Funding<\/strong>: 43 621 EUR<br \/>\n<strong>Principal investigator<\/strong>: Merike Sisask<br \/>\n<strong>Number<\/strong>: KV\u00dc\u00d5A-0.4-2.5\/927<br \/>\n<strong>Funder<\/strong>: Estonian Military Academy<br \/>\n<strong>Institution<\/strong>: Estonian-Swedish Mental Health and Suicidology Institute<\/p>\n<p>The number of suicides in the Estonian Defence Forces is rather small, not more than one case per year on average. The number of suicides among veterans is not known. The level of suicides in society on average is generally higher than in the military environment, but for several countries this statement is not valid any more (e.g. the United States). It is important to avoid getting on the same path in Estonia. Reaching to suicide is a process that is during shorter or longer period influenced by complex co- and counter-interactions of different protective and risk factors \u2013 psychological, social, cultural, neurobiological and demographic. Some of these are more easily modifiable, the others harder to affect, but knowing these factors makes possible to target preventive work more specifically. In preventions it is essential to increase the effect of protective factors and decrease the effect of risk factors. As suicide is a process, it is important to concentrate also on early recognition and prevention of milder forms of suicidality like suicidal ideation and suicide attempts. Based on this description the objectives of the project are: (1) to find out the prevalence of suicidal behaviours and protective and risk factors of suicidality among veterans of the Defence Forces; (2) to analyse existing instruments for measuring suicide risk and to make proposals for developing tools for quantitative measurement within the Defence Forces.<\/p>\n\t\t\t<\/div>\n\t\t\t<\/div>\n\t\t<div class=\"hoidja eraldi\">\n\t\t\t\t\t\t<div class=\"sisu\">\n\t\t\t\t<h1>Study on bullying in Rapla county<\/h1>\n\t\t\t\t<p><strong>Duration<\/strong>: 01.07.2017\u201330.06.2019<br \/>\n<strong>Funding<\/strong>: 4 198 EUR<br \/>\n<strong>Principal investigator<\/strong>: Merike Sisask<br \/>\n<strong>Number<\/strong>: 619217702871<br \/>\n<strong>Funder<\/strong>: Estonian Union for Health Promotion<br \/>\n<strong>Institution<\/strong>: Estonian-Swedish Mental Health and Suicidology Institute<\/p>\n\t\t\t<\/div>\n\t\t\t<\/div>\n\t\t<div class=\"hoidja eraldi\">\n\t\t\t\t\t\t<div class=\"sisu\">\n\t\t\t\t<h1>Increasing competences in social sector about mental health and international protection<\/h1>\n\t\t\t\t<p><strong>Duration<\/strong>: 01.02.2017\u201331.12.2017<br \/>\n<strong>Funding<\/strong>: 30 000 EUR<br \/>\n<strong>Principal investigator<\/strong>: Merike Sisask<br \/>\n<strong>Number<\/strong>: 3-3\/52-1<br \/>\n<strong>Funder<\/strong>: Estonian Ministry of Social Affairs<br \/>\n<strong>Institution<\/strong>: Estonian-Swedish Mental Health and Suicidology Institute<\/p>\n\t\t\t<\/div>\n\t\t\t<\/div>\n\t\t<div class=\"hoidja eraldi\">\n\t\t\t\t\t\t<div class=\"sisu\">\n\t\t\t\t<h1>Bullying at school<\/h1>\n\t\t\t\t<p><strong>Duration<\/strong>: 01.02.2015\u201331.05.2015<br \/>\n<strong>Funding:<\/strong> 12 966 EUR<br \/>\n<strong>Principal investigator:<\/strong> Airi V\u00e4rnik<br \/>\n<strong>Number:<\/strong> 156437<br \/>\n<strong>Funder:<\/strong> Tallinn University of Technology<\/p>\n\t\t\t<\/div>\n\t\t\t<\/div>\n\t\t<div class=\"hoidja eraldi\">\n\t\t\t\t\t\t<div class=\"sisu\">\n\t\t\t\t<h1>Health Promotion Station \u2013 Trainings for Communities<\/h1>\n\t\t\t\t<p><strong>Duration:<\/strong>01.07.2014\u201331.12.2015<br \/>\n<strong>Funding<\/strong>: 5 935 EUR<br \/>\n<strong>Principal investigator<\/strong>: Airi V\u00e4rnik<br \/>\n<strong>Funder<\/strong>: Ministry of Social Affairs<br \/>\n<strong>Institution<\/strong>: Estonian-Swedish Mental Health and Suicidology Institute<\/p>\n<p>The purpose of the project \u201eHealth Promotion Station \u2013 Trainings for Communities\u201c is to establish and implement the training programme which is broad based, addresses different fields of practice and specialists, which is focused on health promotion activities and which supports the sustainable development of Estonian communities. The general aim for the training programme is establish health-aware behaviours in communities and this will be possible through training the keyspecialists in communities to implement preventive interventions through experience- and activity-based activities and learning.<\/p>\n\t\t\t<\/div>\n\t\t\t<\/div>\n\t\t<div class=\"hoidja eraldi\">\n\t\t\t\t\t\t<div class=\"sisu\">\n\t\t\t\t<h1>Etiology of violent behaviour: psycho-social in depth analysis of a homicide-suicide case committed by an ex-military man, possibilities for prevention in military context and public attitudes towards military related risk factors<\/h1>\n\t\t\t\t<p><strong>Grant holder:<\/strong> Prof Dr Airi V\u00e4rnik<br \/>\n<strong>Duration:<\/strong> 2008-2009<br \/>\n<strong>Funded by:<\/strong> Estonian Ministry of Defence (Grant No\u00a0386\/0807)<br \/>\n<strong>Description:<\/strong>\u00a0The main aim of the study is to provide evidence-based\u00a0proposals for prevention of violent (incl suicidal) behaviour in military context. More specifically the aims are: (1) To find out the etiology of violent behaviour by analysing in depth a homicide-suicide case committed by an ex-military man; (2) To find out risk and protective factors of violent behaviour in military context and to analyse possibilities for effective intervention and prevention; (3) To analyse the public attitudes atowards military related risk factors.<\/p>\n<p>Suicide trend in Estonia during independence: What are the associations with socio-political, economic and public health indicators?<\/p>\n<p><strong>Grant holder and project manager: <\/strong>Kairi K\u00f5lves<br \/>\n<strong>Duration: <\/strong>2007-2009<br \/>\n<strong>Funded by: <\/strong>Estonian Science Foundation (Grant No 7132)<br \/>\n<strong>Description: <\/strong>The main aim of the project is to study suicide as a social phenomenon in the society with extremely rapid social changes, which could open new theoretical approaches, and give evidence-based material for prevention.<\/p>\n\t\t\t<\/div>\n\t\t\t<\/div>\n\t\t<div class=\"hoidja eraldi\">\n\t\t\t\t\t\t<div class=\"sisu\">\n\t\t\t\t<h1>The role of alcohol in suicide process and in prevention of suicidal behaviour<\/h1>\n\t\t\t\t<p><strong>Grant holder: <\/strong>Prof Dr Airi V\u00e4rnik<br \/>\n<strong>Project manager: <\/strong>Kairi K\u00f5lves<br \/>\n<strong>Duration: <\/strong>2006-2008<br \/>\n<strong>Funded by: <\/strong>Estonian Science Foundation (Grant No 6799)<\/p>\n<p><strong>Description: <\/strong>The main objectives of the study are:<\/p>\n<ol>\n<li>From the scientific approach to find out association between (1) alcohol consumption, (2) suicidal behaviour and (3) other suicide risk factors in Estonia at the individual level and (4) to find out burden of desease caused by suicide and its economical effects using internationally comparable methods, introduce results in Estonian and international conferences and to publish results in international scientific journals.<\/li>\n<li>From the applicable point of view to give evidence based material for working out suicide prevention strategy and action plan on national level, for working out and developing preventive methods in the frames of the present study and as well in the frames of the national alcohol policy program and the national mental health promotion program. The aim is also to recommend guidelines for other countries with similar historical background.<\/li>\n<\/ol>\n\t\t\t<\/div>\n\t\t\t<\/div>\n\t\t<div class=\"hoidja eraldi\">\n\t\t\t\t\t\t<div class=\"sisu\">\n\t\t\t\t<h1>Alcohol and drugs as social risk factors in society of transition in the prevention of premature death and suicidal behaviour<\/h1>\n\t\t\t\t<p><strong>Grant holder: <\/strong>Prof Dr Airi V\u00e4rnik<br \/>\n<strong>Project manager: <\/strong>Kairi K\u00f5lves<br \/>\n<strong>Duration: <\/strong>2003-2005<br \/>\n<strong>Funded by: <\/strong>Estonian Science Foundation (Grant No 5349)<br \/>\n<strong>Description: <\/strong>The main objectives of the study are:<\/p>\n<ol>\n<li>From the scientific approach to find out correlation between (1) alcohol and drug use, (2) premature deaths and suicidal behaviour and (3) social processes in Estonia both on the macro level and on the individual level using internationally comparable methods and to publish results.<\/li>\n<li>From the applicable point of view to give scientific basis for finding the possibilities to decrease premature deaths and suicidal behaviour by target groups. This could be the evidence-based procedure for working out and developing preventive methods in the frames of the present study and as well in the frames of the national alcohol policy program and the national mental health promotion program. The aim is also to recommend guidelines for other countries with similar historical background.<\/li>\n<\/ol>\n\t\t\t<\/div>\n\t\t\t<\/div>\n\t\t<div class=\"hoidja eraldi\">\n\t\t\t\t\t\t<div class=\"sisu\">\n\t\t\t\t<h1>Research on suicide survivors<\/h1>\n\t\t\t\t<p><strong>Project manager: <\/strong>Karmel Saveljev<br \/>\n<strong>Duration: <\/strong>Since 1999<br \/>\n<strong>Funded by: <\/strong>Ministry of Social Affairs, National Program in Public Health, IPM (Karolinska Institute) &#8211; concerning data collection; the implementation part is not funded<\/p>\n<p><strong>Description: <\/strong>As supplementary part of above mentioned psychological autopsy the material was collected and analysed concerning suicide survivors. Additionally a mourning group has been initiated in order to get evidence-based information about effective mourning work. The aim of the study is elaboration and implementation of rehabilitation methods.<\/p>\n\t\t\t<\/div>\n\t\t\t<\/div>\n\t\t<div class=\"hoidja eraldi\">\n\t\t\t\t\t\t<div class=\"sisu\">\n\t\t\t\t<h1>Haapsalu project: Prevention of (pre)suicidal behaviours in schoolchildren<\/h1>\n\t\t\t\t<p><strong>Study design and evaluation: <\/strong>Prof Dr Airi V\u00e4rnik (ERSI)<\/p>\n<p><strong>Implementation: <\/strong>Tiina K\u00fctt (Counselling Centre for Children and Adolescents in L\u00e4\u00e4nemaa) and Ingrid Danilov (L\u00e4\u00e4ne County Government, social and health care department)<\/p>\n<p><strong>Duration: <\/strong>2004-2005; 1996-1997<\/p>\n<p><strong>Funded by: <\/strong>Estonian Health Insurance Fund, Council of Gambling Tax, L\u00e4\u00e4ne County Government<\/p>\n<p><strong>Description: <\/strong>The aims of the project are:<\/p>\n<ol>\n<li>To decrease depression and suicidal behaviours in children and adolescents (age 7-18)<\/li>\n<li>To increase awareness on suicidal behaviours and possible prevention strategies among gatekeepers<\/li>\n<li>To increased awareness on suicidal behaviours and possible prevention strategies among children and adolescents and their family members<\/li>\n<li>To strengthen social network and counselling\/rehabilitation services for children and adolescents<\/li>\n<li>To improve mental heath and psycho-social coping in children and adolescents<\/li>\n<\/ol>\n<p><a href=\"http:\/\/suicidology.ee\/wp-content\/uploads\/1996\/01\/Haapsalu-_Estonia_.pdf\">Click here for the project description<\/a>.<\/p>\n\t\t\t<\/div>\n\t\t\t<\/div>\n\t\t<div class=\"hoidja eraldi\">\n\t\t\t\t\t\t<div class=\"sisu\">\n\t\t\t\t<h1>Club Marta<\/h1>\n\t\t\t\t<p>Mental health promotion programme for elderly people.<\/p>\n<p><a href=\"http:\/\/suicidology.ee\/wp-content\/uploads\/2016\/10\/Marta-Klubi-16_04_2008.pdf\">Click here to open project description<\/a>.<\/p>\n\t\t\t<\/div>\n\t\n","protected":false},"excerpt":{"rendered":"","protected":false},"author":1,"featured_media":0,"parent":0,"menu_order":0,"comment_status":"closed","ping_status":"closed","template":"","meta":{"footnotes":""},"class_list":["post-570","page","type-page","status-publish","hentry"],"yoast_head":"<!-- This site is optimized with the Yoast SEO plugin v27.4 - https:\/\/yoast.com\/product\/yoast-seo-wordpress\/ -->\n<title>Local projects - Eesti-Rootsi Vaimse Tervise ja Suitsidoloogia Instituut<\/title>\n<meta name=\"robots\" content=\"index, follow, max-snippet:-1, max-image-preview:large, max-video-preview:-1\" \/>\n<link rel=\"canonical\" href=\"https:\/\/suicidology.ee\/en\/local-projects\/\" \/>\n<meta property=\"og:locale\" content=\"en_US\" \/>\n<meta property=\"og:type\" content=\"article\" \/>\n<meta property=\"og:title\" content=\"Local projects - Eesti-Rootsi Vaimse Tervise ja Suitsidoloogia Instituut\" \/>\n<meta property=\"og:url\" content=\"https:\/\/suicidology.ee\/en\/local-projects\/\" \/>\n<meta property=\"og:site_name\" content=\"Eesti-Rootsi Vaimse Tervise ja Suitsidoloogia Instituut\" \/>\n<meta property=\"article:modified_time\" content=\"2016-10-27T10:16:30+00:00\" \/>\n<meta name=\"twitter:card\" content=\"summary_large_image\" \/>\n<script type=\"application\/ld+json\" class=\"yoast-schema-graph\">{\"@context\":\"https:\\\/\\\/schema.org\",\"@graph\":[{\"@type\":\"WebPage\",\"@id\":\"https:\\\/\\\/suicidology.ee\\\/en\\\/local-projects\\\/\",\"url\":\"https:\\\/\\\/suicidology.ee\\\/en\\\/local-projects\\\/\",\"name\":\"Local projects - Eesti-Rootsi Vaimse Tervise ja Suitsidoloogia Instituut\",\"isPartOf\":{\"@id\":\"https:\\\/\\\/suicidology.ee\\\/#website\"},\"datePublished\":\"2016-10-27T10:16:23+00:00\",\"dateModified\":\"2016-10-27T10:16:30+00:00\",\"breadcrumb\":{\"@id\":\"https:\\\/\\\/suicidology.ee\\\/en\\\/local-projects\\\/#breadcrumb\"},\"inLanguage\":\"en-US\",\"potentialAction\":[{\"@type\":\"ReadAction\",\"target\":[\"https:\\\/\\\/suicidology.ee\\\/en\\\/local-projects\\\/\"]}]},{\"@type\":\"BreadcrumbList\",\"@id\":\"https:\\\/\\\/suicidology.ee\\\/en\\\/local-projects\\\/#breadcrumb\",\"itemListElement\":[{\"@type\":\"ListItem\",\"position\":1,\"name\":\"Home\",\"item\":\"https:\\\/\\\/suicidology.ee\\\/en\\\/\"},{\"@type\":\"ListItem\",\"position\":2,\"name\":\"Local projects\"}]},{\"@type\":\"WebSite\",\"@id\":\"https:\\\/\\\/suicidology.ee\\\/#website\",\"url\":\"https:\\\/\\\/suicidology.ee\\\/\",\"name\":\"Eesti-Rootsi Vaimse Tervise ja Suitsidoloogia Instituut\",\"description\":\"ERSI\",\"potentialAction\":[{\"@type\":\"SearchAction\",\"target\":{\"@type\":\"EntryPoint\",\"urlTemplate\":\"https:\\\/\\\/suicidology.ee\\\/?s={search_term_string}\"},\"query-input\":{\"@type\":\"PropertyValueSpecification\",\"valueRequired\":true,\"valueName\":\"search_term_string\"}}],\"inLanguage\":\"en-US\"}]}<\/script>\n<!-- \/ Yoast SEO plugin. -->","yoast_head_json":{"title":"Local projects - Eesti-Rootsi Vaimse Tervise ja Suitsidoloogia Instituut","robots":{"index":"index","follow":"follow","max-snippet":"max-snippet:-1","max-image-preview":"max-image-preview:large","max-video-preview":"max-video-preview:-1"},"canonical":"https:\/\/suicidology.ee\/en\/local-projects\/","og_locale":"en_US","og_type":"article","og_title":"Local projects - Eesti-Rootsi Vaimse Tervise ja Suitsidoloogia Instituut","og_url":"https:\/\/suicidology.ee\/en\/local-projects\/","og_site_name":"Eesti-Rootsi Vaimse Tervise ja Suitsidoloogia Instituut","article_modified_time":"2016-10-27T10:16:30+00:00","twitter_card":"summary_large_image","schema":{"@context":"https:\/\/schema.org","@graph":[{"@type":"WebPage","@id":"https:\/\/suicidology.ee\/en\/local-projects\/","url":"https:\/\/suicidology.ee\/en\/local-projects\/","name":"Local projects - Eesti-Rootsi Vaimse Tervise ja Suitsidoloogia Instituut","isPartOf":{"@id":"https:\/\/suicidology.ee\/#website"},"datePublished":"2016-10-27T10:16:23+00:00","dateModified":"2016-10-27T10:16:30+00:00","breadcrumb":{"@id":"https:\/\/suicidology.ee\/en\/local-projects\/#breadcrumb"},"inLanguage":"en-US","potentialAction":[{"@type":"ReadAction","target":["https:\/\/suicidology.ee\/en\/local-projects\/"]}]},{"@type":"BreadcrumbList","@id":"https:\/\/suicidology.ee\/en\/local-projects\/#breadcrumb","itemListElement":[{"@type":"ListItem","position":1,"name":"Home","item":"https:\/\/suicidology.ee\/en\/"},{"@type":"ListItem","position":2,"name":"Local projects"}]},{"@type":"WebSite","@id":"https:\/\/suicidology.ee\/#website","url":"https:\/\/suicidology.ee\/","name":"Eesti-Rootsi Vaimse Tervise ja Suitsidoloogia Instituut","description":"ERSI","potentialAction":[{"@type":"SearchAction","target":{"@type":"EntryPoint","urlTemplate":"https:\/\/suicidology.ee\/?s={search_term_string}"},"query-input":{"@type":"PropertyValueSpecification","valueRequired":true,"valueName":"search_term_string"}}],"inLanguage":"en-US"}]}},"_links":{"self":[{"href":"https:\/\/suicidology.ee\/en\/wp-json\/wp\/v2\/pages\/570","targetHints":{"allow":["GET"]}}],"collection":[{"href":"https:\/\/suicidology.ee\/en\/wp-json\/wp\/v2\/pages"}],"about":[{"href":"https:\/\/suicidology.ee\/en\/wp-json\/wp\/v2\/types\/page"}],"author":[{"embeddable":true,"href":"https:\/\/suicidology.ee\/en\/wp-json\/wp\/v2\/users\/1"}],"replies":[{"embeddable":true,"href":"https:\/\/suicidology.ee\/en\/wp-json\/wp\/v2\/comments?post=570"}],"version-history":[{"count":2,"href":"https:\/\/suicidology.ee\/en\/wp-json\/wp\/v2\/pages\/570\/revisions"}],"predecessor-version":[{"id":572,"href":"https:\/\/suicidology.ee\/en\/wp-json\/wp\/v2\/pages\/570\/revisions\/572"}],"wp:attachment":[{"href":"https:\/\/suicidology.ee\/en\/wp-json\/wp\/v2\/media?parent=570"}],"curies":[{"name":"wp","href":"https:\/\/api.w.org\/{rel}","templated":true}]}}