{"id":579,"date":"2016-10-27T13:27:56","date_gmt":"2016-10-27T10:27:56","guid":{"rendered":"http:\/\/suicidology.ee\/?page_id=579&#038;lang=en"},"modified":"2016-10-27T13:27:56","modified_gmt":"2016-10-27T10:27:56","slug":"estonian-national-network","status":"publish","type":"page","link":"https:\/\/suicidology.ee\/en\/estonian-national-network\/","title":{"rendered":"Estonian national network"},"content":{"rendered":"<p>Sotsiaalministeerium<br \/>\nMinistry of Social Affairs<br \/>\n<a href=\"http:\/\/www.sm.ee\/\" target=\"_blank\">sm.ee<\/a><\/p>\n<p>Tallinna \u00dclikool, Sotsiaalt\u00f6\u00f6 Instituut<br \/>\nTallinn University, Institute of Social Work<br \/>\n<a href=\"http:\/\/www.tlu.ee\/et\/sotsiaaltoo-instituut\" target=\"_blank\">tlu.ee\/et\/sotsiaaltoo-instituut<\/a><\/p>\n<p>Tartu \u00dclikool, Sotsioloogia ja Sotsiaalpoliitika Instituut<br \/>\nUniversity of Tartu, Institute of Sociology and Social Policy<br \/>\n<a href=\"http:\/\/www.ssi.ut.ee\/et\" target=\"_blank\">ssi.ut.ee\/et<\/a><\/p>\n<p>Tallinna \u00dclikool, Eesti Demograafia Instituut, Eesti Demograafia Associatsioon<br \/>\nTallinn University, Estonian Institute for Population Studies, Estonian Demographic Association<br \/>\n<a href=\"http:\/\/www.tlu.ee\/et\/eesti-demograafia-instituut\" target=\"_blank\">tlu.ee\/et\/eesti-demograafia-instituut<\/a><\/p>\n<p>Tallinna \u00dclikool, Rahvusvaheliste ja sotsiaaluuringute instituut (RASI)<br \/>\nTallinn, University, Institute of International and Social Studies<br \/>\n<a href=\"http:\/\/www.tlu.ee\/et\/rahvusvaheliste-ja-sotsiaaluuringute-instituut\" target=\"_blank\">tlu.ee\/et\/rahvusvaheliste-ja-sotsiaaluuringute-instituut<\/a><\/p>\n<p>Eesti K\u00e4itumis- ja Terviseteaduste Keskus (EKTTK), K\u00e4itumis-, sotsiaal- ja terviseteaduste doktorikool<br \/>\nEstonian Centre of Behavioural and Health Sciences, Doctoral School of Behavioural, Social and Health Sciences<br \/>\n<a href=\"http:\/\/www.doktorikool.ut.ee\/kstt\/et\/uldinfo\/ajalugu\" target=\"_blank\">doktorikool.ut.ee\/kstt\/et\/uldinfo\/ajalugu<\/a><\/p>\n<p>Tervise Arengu Instituut<br \/>\nNational Institute for Health Development<br \/>\n<a href=\"http:\/\/www.tai.ee\/\" target=\"_blank\">tai.ee<\/a><\/p>\n<p>Eesti Teadusagentuur<br \/>\nEstonian Research Council<br \/>\n<a href=\"http:\/\/www.etag.ee\/\" target=\"_blank\">etag.ee<\/a><\/p>\n<p>Statistikaamet<br \/>\nStatistics Estonia<br \/>\n<a href=\"http:\/\/www.stat.ee\/\" target=\"_blank\">stat.ee<\/a><\/p>\n<p>Eesti Haigekassa<br \/>\nEstonian Health Insurance Fund<br \/>\n<a href=\"http:\/\/www.haigekassa.ee\/\" target=\"_blank\">haigekassa.ee<\/a><\/p>\n<p>P\u00f5hja-Eesti Regionaalhaigla<br \/>\nNorth Estonia Medical Centre<br \/>\n<a href=\"http:\/\/www.regionaalhaigla.ee\/\" target=\"_blank\">regionaalhaigla.ee<\/a><\/p>\n<p>Hasartm\u00e4ngumaksu N\u00f5ukogu<br \/>\nCouncil of Gambling Tax in Estonia<br \/>\n<a href=\"http:\/\/www.hmn.ee\/\" target=\"_blank\">hmn.ee<\/a><\/p>\n<p>Kaitseministeerium<br \/>\nMinistry of Defence<br \/>\n<a href=\"http:\/\/www.kaitseministeerium.ee\/\" target=\"_blank\">kaitseministeerium.ee<\/a><\/p>\n<p>Tartu \u00dclikool, Polikliiniku ja Peremeditsiini \u00f5ppetool<br \/>\nUniversity of Tartu, Department of Polyclinic and Family Medicine<br \/>\n<a href=\"http:\/\/www.arpo.ut.ee\/\" target=\"_blank\">arpo.ut.ee<\/a><\/p>\n<p>Eluliin<br \/>\nLifeline<br \/>\n<a href=\"http:\/\/www.eluliin.ee\/\" target=\"_blank\">eluliin.ee<\/a><\/p>\n<p>Usaldustelefon<br \/>\nTrust-line<br \/>\n<a href=\"http:\/\/www.usaldus.ee\/\" target=\"_blank\">usaldus.ee<\/a><\/p>\n<p>Rapla Maavalitsus, tervisedendus<br \/>\nRapla Country Council, health promotion<br \/>\n<a href=\"http:\/\/rapla.maavalitsus.ee\/et\/uldinfo\" target=\"_blank\">rapla.maavalitsus.ee\/et\/uldinfo<\/a><br \/>\n<a href=\"http:\/\/www.raplamv.ee\/terv\/\" target=\"_blank\">raplamv.ee\/terv<\/a><\/p>\n<p>Tallinna Sotsiaal- ja Tervishoiuamet<br \/>\nTallinn Social Welfare and Health Care Department<br \/>\n<a href=\"http:\/\/www.tallinn.ee\/est\/sotsiaaltervishoiuamet\" target=\"_blank\">tallinn.ee\/est\/sotsiaaltervishoiuamet<\/a><\/p>\n<p>Tallinna Lastehaigla<br \/>\nTallinn Children\u2019s Hospital<br \/>\n<a href=\"http:\/\/www.lastehaigla.ee\/\" target=\"_blank\">lastehaigla.ee<\/a><\/p>\n<p>Eesti Ps\u00fchhiaatrite Selts<br \/>\nEstonian Psychiatric Association<br \/>\n<a href=\"http:\/\/www.psy.ee\/\" target=\"_blank\">psy.ee<\/a><\/p>\n<p>Eesti Statistikaselts<br \/>\nEstonian Statistical Society<br \/>\n<a href=\"http:\/\/www-1.ms.ut.ee\/ess\/\" target=\"_blank\">ms.ut.ee\/ess<\/a><\/p>\n<p>Eesti Perearstide Selts<br \/>\nEstonian Primary Care Association<br \/>\n<a href=\"http:\/\/www.perearstiselts.ee\/\" target=\"_blank\">perearstiselts.ee<\/a><\/p>\n<p>Eesti vaimse tervise ja heaolu koalitsioon<br \/>\nEstonian Mental Health and Well-being Coalition<br \/>\n<a href=\"http:\/\/www.vatek.ee\/en\/\" target=\"_blank\">vatek.e<\/a><\/p>\n","protected":false},"excerpt":{"rendered":"<p>Sotsiaalministeerium Ministry of Social Affairs sm.ee Tallinna \u00dclikool, Sotsiaalt\u00f6\u00f6 Instituut Tallinn University, Institute of Social Work tlu.ee\/et\/sotsiaaltoo-instituut Tartu \u00dclikool, Sotsioloogia ja Sotsiaalpoliitika Instituut University of Tartu, Institute of Sociology and Social Policy ssi.ut.ee\/et Tallinna \u00dclikool, Eesti Demograafia Instituut, Eesti Demograafia Associatsioon Tallinn University, Estonian Institute for Population Studies, Estonian Demographic Association tlu.ee\/et\/eesti-demograafia-instituut Tallinna \u00dclikool, Rahvusvaheliste [&hellip;]<\/p>\n","protected":false},"author":1,"featured_media":0,"parent":0,"menu_order":0,"comment_status":"closed","ping_status":"closed","template":"","meta":{"footnotes":""},"class_list":["post-579","page","type-page","status-publish","hentry"],"yoast_head":"<!-- This site is optimized with the Yoast SEO plugin v27.4 - https:\/\/yoast.com\/product\/yoast-seo-wordpress\/ -->\n<title>Estonian national network - Eesti-Rootsi Vaimse Tervise ja Suitsidoloogia Instituut<\/title>\n<meta name=\"robots\" content=\"index, follow, max-snippet:-1, max-image-preview:large, max-video-preview:-1\" \/>\n<link rel=\"canonical\" href=\"https:\/\/suicidology.ee\/en\/estonian-national-network\/\" \/>\n<meta property=\"og:locale\" content=\"en_US\" \/>\n<meta property=\"og:type\" content=\"article\" \/>\n<meta property=\"og:title\" content=\"Estonian national network - Eesti-Rootsi Vaimse Tervise ja Suitsidoloogia Instituut\" \/>\n<meta property=\"og:description\" content=\"Sotsiaalministeerium Ministry of Social Affairs sm.ee Tallinna \u00dclikool, Sotsiaalt\u00f6\u00f6 Instituut Tallinn University, Institute of Social Work tlu.ee\/et\/sotsiaaltoo-instituut Tartu \u00dclikool, Sotsioloogia ja Sotsiaalpoliitika Instituut University of Tartu, Institute of Sociology and Social Policy ssi.ut.ee\/et Tallinna \u00dclikool, Eesti Demograafia Instituut, Eesti Demograafia Associatsioon Tallinn University, Estonian Institute for Population Studies, Estonian Demographic Association tlu.ee\/et\/eesti-demograafia-instituut Tallinna \u00dclikool, Rahvusvaheliste [&hellip;]\" \/>\n<meta property=\"og:url\" content=\"https:\/\/suicidology.ee\/en\/estonian-national-network\/\" \/>\n<meta property=\"og:site_name\" content=\"Eesti-Rootsi Vaimse Tervise ja Suitsidoloogia Instituut\" \/>\n<meta name=\"twitter:card\" content=\"summary_large_image\" \/>\n<meta name=\"twitter:label1\" content=\"Est. reading time\" \/>\n\t<meta name=\"twitter:data1\" content=\"1 minute\" \/>\n<script type=\"application\/ld+json\" class=\"yoast-schema-graph\">{\"@context\":\"https:\\\/\\\/schema.org\",\"@graph\":[{\"@type\":\"WebPage\",\"@id\":\"https:\\\/\\\/suicidology.ee\\\/en\\\/estonian-national-network\\\/\",\"url\":\"https:\\\/\\\/suicidology.ee\\\/en\\\/estonian-national-network\\\/\",\"name\":\"Estonian national network - Eesti-Rootsi Vaimse Tervise ja Suitsidoloogia Instituut\",\"isPartOf\":{\"@id\":\"https:\\\/\\\/suicidology.ee\\\/#website\"},\"datePublished\":\"2016-10-27T10:27:56+00:00\",\"breadcrumb\":{\"@id\":\"https:\\\/\\\/suicidology.ee\\\/en\\\/estonian-national-network\\\/#breadcrumb\"},\"inLanguage\":\"en-US\",\"potentialAction\":[{\"@type\":\"ReadAction\",\"target\":[\"https:\\\/\\\/suicidology.ee\\\/en\\\/estonian-national-network\\\/\"]}]},{\"@type\":\"BreadcrumbList\",\"@id\":\"https:\\\/\\\/suicidology.ee\\\/en\\\/estonian-national-network\\\/#breadcrumb\",\"itemListElement\":[{\"@type\":\"ListItem\",\"position\":1,\"name\":\"Home\",\"item\":\"https:\\\/\\\/suicidology.ee\\\/en\\\/\"},{\"@type\":\"ListItem\",\"position\":2,\"name\":\"Estonian national network\"}]},{\"@type\":\"WebSite\",\"@id\":\"https:\\\/\\\/suicidology.ee\\\/#website\",\"url\":\"https:\\\/\\\/suicidology.ee\\\/\",\"name\":\"Eesti-Rootsi Vaimse Tervise ja Suitsidoloogia Instituut\",\"description\":\"ERSI\",\"potentialAction\":[{\"@type\":\"SearchAction\",\"target\":{\"@type\":\"EntryPoint\",\"urlTemplate\":\"https:\\\/\\\/suicidology.ee\\\/?s={search_term_string}\"},\"query-input\":{\"@type\":\"PropertyValueSpecification\",\"valueRequired\":true,\"valueName\":\"search_term_string\"}}],\"inLanguage\":\"en-US\"}]}<\/script>\n<!-- \/ Yoast SEO plugin. -->","yoast_head_json":{"title":"Estonian national network - Eesti-Rootsi Vaimse Tervise ja Suitsidoloogia Instituut","robots":{"index":"index","follow":"follow","max-snippet":"max-snippet:-1","max-image-preview":"max-image-preview:large","max-video-preview":"max-video-preview:-1"},"canonical":"https:\/\/suicidology.ee\/en\/estonian-national-network\/","og_locale":"en_US","og_type":"article","og_title":"Estonian national network - Eesti-Rootsi Vaimse Tervise ja Suitsidoloogia Instituut","og_description":"Sotsiaalministeerium Ministry of Social Affairs sm.ee Tallinna \u00dclikool, Sotsiaalt\u00f6\u00f6 Instituut Tallinn University, Institute of Social Work tlu.ee\/et\/sotsiaaltoo-instituut Tartu \u00dclikool, Sotsioloogia ja Sotsiaalpoliitika Instituut University of Tartu, Institute of Sociology and Social Policy ssi.ut.ee\/et Tallinna \u00dclikool, Eesti Demograafia Instituut, Eesti Demograafia Associatsioon Tallinn University, Estonian Institute for Population Studies, Estonian Demographic Association tlu.ee\/et\/eesti-demograafia-instituut Tallinna \u00dclikool, Rahvusvaheliste [&hellip;]","og_url":"https:\/\/suicidology.ee\/en\/estonian-national-network\/","og_site_name":"Eesti-Rootsi Vaimse Tervise ja Suitsidoloogia Instituut","twitter_card":"summary_large_image","twitter_misc":{"Est. reading time":"1 minute"},"schema":{"@context":"https:\/\/schema.org","@graph":[{"@type":"WebPage","@id":"https:\/\/suicidology.ee\/en\/estonian-national-network\/","url":"https:\/\/suicidology.ee\/en\/estonian-national-network\/","name":"Estonian national network - Eesti-Rootsi Vaimse Tervise ja Suitsidoloogia Instituut","isPartOf":{"@id":"https:\/\/suicidology.ee\/#website"},"datePublished":"2016-10-27T10:27:56+00:00","breadcrumb":{"@id":"https:\/\/suicidology.ee\/en\/estonian-national-network\/#breadcrumb"},"inLanguage":"en-US","potentialAction":[{"@type":"ReadAction","target":["https:\/\/suicidology.ee\/en\/estonian-national-network\/"]}]},{"@type":"BreadcrumbList","@id":"https:\/\/suicidology.ee\/en\/estonian-national-network\/#breadcrumb","itemListElement":[{"@type":"ListItem","position":1,"name":"Home","item":"https:\/\/suicidology.ee\/en\/"},{"@type":"ListItem","position":2,"name":"Estonian national network"}]},{"@type":"WebSite","@id":"https:\/\/suicidology.ee\/#website","url":"https:\/\/suicidology.ee\/","name":"Eesti-Rootsi Vaimse Tervise ja Suitsidoloogia Instituut","description":"ERSI","potentialAction":[{"@type":"SearchAction","target":{"@type":"EntryPoint","urlTemplate":"https:\/\/suicidology.ee\/?s={search_term_string}"},"query-input":{"@type":"PropertyValueSpecification","valueRequired":true,"valueName":"search_term_string"}}],"inLanguage":"en-US"}]}},"_links":{"self":[{"href":"https:\/\/suicidology.ee\/en\/wp-json\/wp\/v2\/pages\/579","targetHints":{"allow":["GET"]}}],"collection":[{"href":"https:\/\/suicidology.ee\/en\/wp-json\/wp\/v2\/pages"}],"about":[{"href":"https:\/\/suicidology.ee\/en\/wp-json\/wp\/v2\/types\/page"}],"author":[{"embeddable":true,"href":"https:\/\/suicidology.ee\/en\/wp-json\/wp\/v2\/users\/1"}],"replies":[{"embeddable":true,"href":"https:\/\/suicidology.ee\/en\/wp-json\/wp\/v2\/comments?post=579"}],"version-history":[{"count":1,"href":"https:\/\/suicidology.ee\/en\/wp-json\/wp\/v2\/pages\/579\/revisions"}],"predecessor-version":[{"id":580,"href":"https:\/\/suicidology.ee\/en\/wp-json\/wp\/v2\/pages\/579\/revisions\/580"}],"wp:attachment":[{"href":"https:\/\/suicidology.ee\/en\/wp-json\/wp\/v2\/media?parent=579"}],"curies":[{"name":"wp","href":"https:\/\/api.w.org\/{rel}","templated":true}]}}